{"id":2298,"date":"2023-01-24T15:46:01","date_gmt":"2023-01-24T14:46:01","guid":{"rendered":"https:\/\/naturalwalks.com\/home\/"},"modified":"2023-03-01T20:26:15","modified_gmt":"2023-03-01T19:26:15","slug":"home","status":"publish","type":"page","link":"https:\/\/naturalwalks.com\/es\/","title":{"rendered":"Home"},"content":{"rendered":"<p>[et_pb_section fb_built=\u00bb1&#8243; fullwidth=\u00bbon\u00bb _builder_version=\u00bb4.18.0&#8243; _module_preset=\u00bbdefault\u00bb global_colors_info=\u00bb{}\u00bb][et_pb_fullwidth_slider show_image_video_mobile=\u00bbon\u00bb _builder_version=\u00bb4.19.4&#8243; _module_preset=\u00bbdefault\u00bb header_font=\u00bbOpen Sans|600|||||||\u00bb header_line_height=\u00bb1.5em\u00bb body_font=\u00bbOpen Sans||||||||\u00bb background_image=\u00bbhttps:\/\/naturalwalks.com\/wp-content\/uploads\/2022\/11\/Port-neta-1.jpg\u00bb min_height=\u00bb603px\u00bb custom_margin=\u00bb||||false|false\u00bb custom_padding=\u00bb5px||157px||false|false\u00bb auto=\u00bbon\u00bb auto_speed=\u00bb6000&#8243; auto_ignore_hover=\u00bbon\u00bb header_font_size_tablet=\u00bb\u00bb header_font_size_phone=\u00bb30px\u00bb header_font_size_last_edited=\u00bbon|desktop\u00bb header_text_shadow_style=\u00bbpreset3&#8243; header_text_shadow_color=\u00bb#000000&#8243; global_colors_info=\u00bb{}\u00bb][et_pb_slide heading=\u00bbDescubre la cultura a trav\u00e9s de la naturaleza y el paisaje\u00bb _builder_version=\u00bb4.19.4&#8243; _module_preset=\u00bbdefault\u00bb background_image=\u00bbhttps:\/\/naturalwalks.com\/wp-content\/uploads\/2022\/11\/Platja.jpg\u00bb background_enable_image=\u00bbon\u00bb header_text_shadow_style=\u00bbpreset3&#8243; header_text_shadow_color=\u00bb#000000&#8243; global_colors_info=\u00bb{}\u00bb sticky_transition=\u00bbon\u00bb][\/et_pb_slide][et_pb_slide heading=\u00bbDisfruta de los tesoros de la naturaleza m\u00e1s cercana\u00bb _builder_version=\u00bb4.18.0&#8243; _module_preset=\u00bbdefault\u00bb header_font=\u00bb||||||||\u00bb header_text_align=\u00bbcenter\u00bb background_image=\u00bbhttps:\/\/naturalwalks.com\/wp-content\/uploads\/2022\/11\/Hortsavi3-1.jpg\u00bb background_enable_image=\u00bbon\u00bb background_position=\u00bbtop_center\u00bb header_text_shadow_style=\u00bbpreset3&#8243; header_text_shadow_blur_strength=\u00bb0.15em\u00bb header_text_shadow_color=\u00bb#000000&#8243; global_colors_info=\u00bb{}\u00bb sticky_transition=\u00bbon\u00bb][\/et_pb_slide][et_pb_slide heading=\u00bbGastronom\u00eda natural, de la tradici\u00f3n a la vanguardia \u00bb _builder_version=\u00bb4.18.0&#8243; _module_preset=\u00bbdefault\u00bb background_image=\u00bbhttps:\/\/naturalwalks.com\/wp-content\/uploads\/2022\/11\/DSC_2857edit.jpg\u00bb background_enable_image=\u00bbon\u00bb header_text_shadow_style=\u00bbpreset3&#8243; header_text_shadow_color=\u00bb#000000&#8243; global_colors_info=\u00bb{}\u00bb sticky_transition=\u00bbon\u00bb][\/et_pb_slide][et_pb_slide heading=\u00bbExplora la naturaleza m\u00e1s silvestre dentro y fuera de la ciudad\u00bb _builder_version=\u00bb4.18.0&#8243; _module_preset=\u00bbdefault\u00bb header_font=\u00bb||||||||\u00bb header_text_color=\u00bb#FFFFFF\u00bb background_image=\u00bbhttps:\/\/naturalwalks.com\/wp-content\/uploads\/2022\/11\/Port-neta-1.jpg\u00bb background_enable_image=\u00bbon\u00bb header_text_shadow_style=\u00bbpreset3&#8243; header_text_shadow_color=\u00bb#000000&#8243; global_colors_info=\u00bb{}\u00bb sticky_transition=\u00bbon\u00bb][\/et_pb_slide][et_pb_slide heading=\u00bbFormaci\u00f3n y asesoramiento en ecoturismo, interpretaci\u00f3n del patrimonio, gastrobot\u00e1nica, bienestar y salud\u00bb _builder_version=\u00bb4.18.0&#8243; _module_preset=\u00bbdefault\u00bb header_text_align=\u00bbcenter\u00bb background_image=\u00bbhttps:\/\/naturalwalks.com\/wp-content\/uploads\/2022\/11\/patagonia.jpg\u00bb background_enable_image=\u00bbon\u00bb header_text_shadow_style=\u00bbpreset3&#8243; header_text_shadow_vertical_length=\u00bb0.05em\u00bb header_text_shadow_blur_strength=\u00bb0.17em\u00bb header_text_shadow_color=\u00bb#000000&#8243; global_colors_info=\u00bb{}\u00bb sticky_transition=\u00bbon\u00bb][\/et_pb_slide][et_pb_slide heading=\u00bbUna experi\u00e8ncia que despertar\u00e0 els teus sentits\u00bb _builder_version=\u00bb4.19.4&#8243; _module_preset=\u00bbdefault\u00bb background_image=\u00bbhttps:\/\/naturalwalks.com\/wp-content\/uploads\/2022\/11\/Contraportada.png\u00bb background_enable_image=\u00bbon\u00bb header_text_shadow_style=\u00bbpreset3&#8243; header_text_shadow_color=\u00bb#000000&#8243; global_colors_info=\u00bb{}\u00bb sticky_transition=\u00bbon\u00bb][\/et_pb_slide][\/et_pb_fullwidth_slider][\/et_pb_section][et_pb_section fb_built=\u00bb1&#8243; _builder_version=\u00bb4.18.0&#8243; _module_preset=\u00bbdefault\u00bb background_enable_color=\u00bboff\u00bb background_pattern_horizontal_offset=\u00bb-8%\u00bb custom_margin=\u00bb||||false|false\u00bb custom_padding=\u00bb10px||10px||false|false\u00bb global_colors_info=\u00bb{}\u00bb][et_pb_row column_structure=\u00bb1_3,1_3,1_3&#8243; use_custom_gutter=\u00bbon\u00bb gutter_width=\u00bb2&#8243; make_equal=\u00bbon\u00bb _builder_version=\u00bb4.18.0&#8243; _module_preset=\u00bbdefault\u00bb width=\u00bb90%\u00bb width_tablet=\u00bb80%\u00bb width_phone=\u00bb80%\u00bb width_last_edited=\u00bbon|desktop\u00bb max_width=\u00bb80%\u00bb global_colors_info=\u00bb{}\u00bb][et_pb_column type=\u00bb1_3&#8243; _builder_version=\u00bb4.18.0&#8243; _module_preset=\u00bbdefault\u00bb global_colors_info=\u00bb{}\u00bb][et_pb_image src=\u00bbhttps:\/\/naturalwalks.com\/wp-content\/uploads\/2022\/12\/a-mida.jpg\u00bb title_text=\u00bba medida\u00bb url=\u00bb@ET-DC@eyJkeW5hbWljIjp0cnVlLCJjb250ZW50IjoicG9zdF9saW5rX3VybF9wYWdlIiwic2V0dGluZ3MiOnsicG9zdF9pZCI6IjUyIn19@\u00bb _builder_version=\u00bb4.19.4&#8243; _dynamic_attributes=\u00bburl\u00bb _module_preset=\u00bbdefault\u00bb custom_margin=\u00bb||0px||false|false\u00bb custom_padding=\u00bb||||false|false\u00bb border_width_all=\u00bb1px\u00bb border_color_all=\u00bb#9dbc47&#8243; global_colors_info=\u00bb{}\u00bb][\/et_pb_image][et_pb_text _builder_version=\u00bb4.19.4&#8243; _dynamic_attributes=\u00bblink_option_url\u00bb _module_preset=\u00bbdefault\u00bb text_font=\u00bb||||||||\u00bb text_font_size=\u00bb22px\u00bb background_color=\u00bb#9dbc47&#8243; use_background_color_gradient=\u00bbon\u00bb background_color_gradient_stops=\u00bb#9bbc25 0%|#7e8901 98%\u00bb background_enable_pattern_style=\u00bbon\u00bb background_pattern_style=\u00bbdiagonal-stripes-2&#8243; background_pattern_transform=\u00bbrotate_90_degree|flip_vertical\u00bb background_pattern_size=\u00bbcustom\u00bb background_pattern_width=\u00bb553px\u00bb background_pattern_height=\u00bb1000px\u00bb background_pattern_horizontal_offset=\u00bb87%\u00bb background_pattern_blend_mode=\u00bboverlay\u00bb text_orientation=\u00bbcenter\u00bb background_layout=\u00bbdark\u00bb custom_padding=\u00bb10px||10px||false|false\u00bb link_option_url=\u00bb@ET-DC@eyJkeW5hbWljIjp0cnVlLCJjb250ZW50IjoicG9zdF9saW5rX3VybF9wYWdlIiwic2V0dGluZ3MiOnsicG9zdF9pZCI6IjUyIn19@\u00bb text_text_shadow_style=\u00bbpreset3&#8243; border_radii=\u00bboff|||5px|5px\u00bb global_colors_info=\u00bb{}\u00bb]<\/p>\n<p>Pr\u00f3ximas actividades<\/p>\n<p>[\/et_pb_text][\/et_pb_column][et_pb_column type=\u00bb1_3&#8243; _builder_version=\u00bb4.18.0&#8243; _module_preset=\u00bbdefault\u00bb global_colors_info=\u00bb{}\u00bb][et_pb_image src=\u00bbhttps:\/\/naturalwalks.com\/wp-content\/uploads\/2022\/12\/A-mida-1.jpg\u00bb title_text=\u00bbA medida\u00bb url=\u00bb@ET-DC@eyJkeW5hbWljIjp0cnVlLCJjb250ZW50IjoicG9zdF9saW5rX3VybF9wYWdlIiwic2V0dGluZ3MiOnsicG9zdF9pZCI6IjY1NiJ9fQ==@\u00bb _builder_version=\u00bb4.18.0&#8243; _dynamic_attributes=\u00bburl\u00bb _module_preset=\u00bbdefault\u00bb custom_margin=\u00bb||0px||false|false\u00bb custom_padding=\u00bb||||false|false\u00bb border_width_all=\u00bb1px\u00bb border_color_all=\u00bb#9dbc47&#8243; global_colors_info=\u00bb{}\u00bb][\/et_pb_image][et_pb_text _builder_version=\u00bb4.19.4&#8243; _dynamic_attributes=\u00bblink_option_url\u00bb _module_preset=\u00bbdefault\u00bb text_font=\u00bb||||||||\u00bb text_font_size=\u00bb22px\u00bb background_color=\u00bb#9dbc47&#8243; use_background_color_gradient=\u00bbon\u00bb background_color_gradient_stops=\u00bb#9bbc25 0%|#7e8901 98%\u00bb background_enable_pattern_style=\u00bbon\u00bb background_pattern_style=\u00bbdiagonal-stripes-2&#8243; background_pattern_transform=\u00bbrotate_90_degree\u00bb background_pattern_size=\u00bbcustom\u00bb background_pattern_width=\u00bb468px\u00bb background_pattern_height=\u00bb1000px\u00bb background_pattern_horizontal_offset=\u00bb-5%\u00bb background_pattern_blend_mode=\u00bboverlay\u00bb text_orientation=\u00bbcenter\u00bb background_layout=\u00bbdark\u00bb custom_padding=\u00bb10px||10px||false|false\u00bb link_option_url=\u00bb@ET-DC@eyJkeW5hbWljIjp0cnVlLCJjb250ZW50IjoicG9zdF9saW5rX3VybF9wYWdlIiwic2V0dGluZ3MiOnsicG9zdF9pZCI6IjY1NiJ9fQ==@\u00bb text_text_shadow_style=\u00bbpreset3&#8243; border_radii=\u00bboff|||5px|5px\u00bb global_colors_info=\u00bb{}\u00bb]<\/p>\n<p>Actividades a medida<\/p>\n<p>[\/et_pb_text][\/et_pb_column][et_pb_column type=\u00bb1_3&#8243; _builder_version=\u00bb4.18.0&#8243; _module_preset=\u00bbdefault\u00bb global_colors_info=\u00bb{}\u00bb][et_pb_image src=\u00bbhttps:\/\/naturalwalks.com\/wp-content\/uploads\/2022\/12\/Escola-1.jpg\u00bb title_text=\u00bbEscuela\u00bb url=\u00bb@ET-DC@eyJkeW5hbWljIjp0cnVlLCJjb250ZW50IjoicG9zdF9saW5rX3VybF9wYWdlIiwic2V0dGluZ3MiOnsicG9zdF9pZCI6IjU0In19@\u00bb _builder_version=\u00bb4.18.0&#8243; _dynamic_attributes=\u00bburl\u00bb _module_preset=\u00bbdefault\u00bb custom_margin=\u00bb||0px||false|false\u00bb custom_padding=\u00bb||||false|false\u00bb border_width_all=\u00bb1px\u00bb border_color_all=\u00bb#9dbc47&#8243; global_colors_info=\u00bb{}\u00bb][\/et_pb_image][et_pb_text _builder_version=\u00bb4.19.4&#8243; _dynamic_attributes=\u00bblink_option_url\u00bb _module_preset=\u00bbdefault\u00bb text_font=\u00bb||||||||\u00bb text_font_size=\u00bb22px\u00bb background_color=\u00bb#9dbc47&#8243; use_background_color_gradient=\u00bbon\u00bb background_color_gradient_stops=\u00bb#9bbc25 0%|#7e8901 98%\u00bb background_enable_pattern_style=\u00bbon\u00bb background_pattern_style=\u00bbdiagonal-stripes-2&#8243; background_pattern_transform=\u00bbrotate_90_degree|flip_vertical|flip_horizontal\u00bb background_pattern_size=\u00bbcustom\u00bb background_pattern_width=\u00bb581px\u00bb background_pattern_height=\u00bb1000px\u00bb background_pattern_horizontal_offset=\u00bb87%\u00bb background_pattern_blend_mode=\u00bboverlay\u00bb text_orientation=\u00bbcenter\u00bb background_layout=\u00bbdark\u00bb custom_padding=\u00bb10px||10px||false|false\u00bb link_option_url=\u00bb@ET-DC@eyJkeW5hbWljIjp0cnVlLCJjb250ZW50IjoicG9zdF9saW5rX3VybF9wYWdlIiwic2V0dGluZ3MiOnsicG9zdF9pZCI6IjU0In19@\u00bb text_text_shadow_style=\u00bbpreset3&#8243; border_radii=\u00bboff|||5px|5px\u00bb global_colors_info=\u00bb{}\u00bb]<\/p>\n<p>Escuela Naturalwalks<\/p>\n<p>[\/et_pb_text][\/et_pb_column][\/et_pb_row][\/et_pb_section][et_pb_section fb_built=\u00bb1&#8243; _builder_version=\u00bb4.18.0&#8243; _module_preset=\u00bbdefault\u00bb custom_margin=\u00bb-50px||-50px||false|false\u00bb custom_margin_tablet=\u00bb-50px||-50px||false|false\u00bb custom_margin_phone=\u00bb-50px||-50px||false|false\u00bb custom_margin_last_edited=\u00bbon|phone\u00bb global_colors_info=\u00bb{}\u00bb][et_pb_row _builder_version=\u00bb4.18.0&#8243; _module_preset=\u00bbdefault\u00bb width=\u00bb90%\u00bb max_width=\u00bb90%\u00bb global_colors_info=\u00bb{}\u00bb][et_pb_column type=\u00bb4_4&#8243; _builder_version=\u00bb4.18.0&#8243; _module_preset=\u00bbdefault\u00bb global_colors_info=\u00bb{}\u00bb][et_pb_video src=\u00bbhttps:\/\/vimeo.com\/177536877&#8243; _builder_version=\u00bb4.18.0&#8243; _module_preset=\u00bbdefault\u00bb global_colors_info=\u00bb{}\u00bb][\/et_pb_video][\/et_pb_column][\/et_pb_row][\/et_pb_section]<\/p>\n","protected":false},"excerpt":{"rendered":"<p>Pr\u00f3ximas actividadesActividades a medidaEscuela Naturalwalks<\/p>\n","protected":false},"author":1,"featured_media":0,"parent":0,"menu_order":5,"comment_status":"closed","ping_status":"closed","template":"","meta":{"_et_pb_use_builder":"on","_et_pb_old_content":"","_et_gb_content_width":"","footnotes":""},"class_list":["post-2298","page","type-page","status-publish","hentry"],"aioseo_notices":[],"_links":{"self":[{"href":"https:\/\/naturalwalks.com\/es\/wp-json\/wp\/v2\/pages\/2298","targetHints":{"allow":["GET"]}}],"collection":[{"href":"https:\/\/naturalwalks.com\/es\/wp-json\/wp\/v2\/pages"}],"about":[{"href":"https:\/\/naturalwalks.com\/es\/wp-json\/wp\/v2\/types\/page"}],"author":[{"embeddable":true,"href":"https:\/\/naturalwalks.com\/es\/wp-json\/wp\/v2\/users\/1"}],"replies":[{"embeddable":true,"href":"https:\/\/naturalwalks.com\/es\/wp-json\/wp\/v2\/comments?post=2298"}],"version-history":[{"count":15,"href":"https:\/\/naturalwalks.com\/es\/wp-json\/wp\/v2\/pages\/2298\/revisions"}],"predecessor-version":[{"id":3540,"href":"https:\/\/naturalwalks.com\/es\/wp-json\/wp\/v2\/pages\/2298\/revisions\/3540"}],"wp:attachment":[{"href":"https:\/\/naturalwalks.com\/es\/wp-json\/wp\/v2\/media?parent=2298"}],"curies":[{"name":"wp","href":"https:\/\/api.w.org\/{rel}","templated":true}]}}