{"id":2366,"date":"2023-01-07T23:00:12","date_gmt":"2023-01-07T22:00:12","guid":{"rendered":"https:\/\/naturalwalks.com\/activitats-a-mida\/rsc-team-building\/"},"modified":"2023-07-09T12:17:31","modified_gmt":"2023-07-09T11:17:31","slug":"rsc-team-building","status":"publish","type":"page","link":"https:\/\/naturalwalks.com\/es\/activitats-a-mida\/rsc-team-building\/","title":{"rendered":"RSC &#8211; Team Building"},"content":{"rendered":"<p>[et_pb_section fb_built=\u00bb1&#8243; _builder_version=\u00bb4.18.0&#8243; _module_preset=\u00bbdefault\u00bb background_color=\u00bb#9dbc47&#8243; use_background_color_gradient=\u00bbon\u00bb background_color_gradient_stops=\u00bb#9dbc47 0%|#9bbc25 100%\u00bb background_enable_pattern_style=\u00bbon\u00bb background_pattern_style=\u00bbdiagonal-stripes\u00bb background_pattern_size=\u00bbcustom\u00bb background_pattern_width=\u00bb4503px\u00bb background_pattern_height=\u00bb2000px\u00bb background_pattern_horizontal_offset=\u00bb-8%\u00bb custom_margin=\u00bb||||false|false\u00bb custom_padding=\u00bb10px||10px||false|false\u00bb global_colors_info=\u00bb{}\u00bb][et_pb_row _builder_version=\u00bb4.18.0&#8243; _module_preset=\u00bbdefault\u00bb custom_margin=\u00bb20px||20px||false|false\u00bb custom_padding=\u00bb0px||0px||false|false\u00bb global_colors_info=\u00bb{}\u00bb][et_pb_column type=\u00bb4_4&#8243; _builder_version=\u00bb4.18.0&#8243; _module_preset=\u00bbdefault\u00bb global_colors_info=\u00bb{}\u00bb][et_pb_text _builder_version=\u00bb4.18.0&#8243; _module_preset=\u00bbdefault\u00bb text_font=\u00bbOpen Sans||||||||\u00bb text_font_size=\u00bb25px\u00bb header_font=\u00bbOpen Sans||||||||\u00bb background_layout=\u00bbdark\u00bb custom_padding=\u00bb|130px||130px|false|false\u00bb custom_padding_tablet=\u00bb|0px||0px|false|false\u00bb custom_padding_phone=\u00bb|0px||0px|false|false\u00bb custom_padding_last_edited=\u00bbon|tablet\u00bb locked=\u00bboff\u00bb global_colors_info=\u00bb{}\u00bb]<\/p>\n<p style=\"text-align: center;\">RSC &amp; Team Bulding<\/p>\n<p>[\/et_pb_text][\/et_pb_column][\/et_pb_row][\/et_pb_section][et_pb_section fb_built=\u00bb1&#8243; _builder_version=\u00bb4.18.0&#8243; _module_preset=\u00bbdefault\u00bb background_enable_image=\u00bboff\u00bb custom_margin=\u00bb||||false|false\u00bb custom_padding=\u00bb0px||||false|false\u00bb locked=\u00bboff\u00bb global_colors_info=\u00bb{}\u00bb][et_pb_row column_structure=\u00bb1_2,1_2&#8243; _builder_version=\u00bb4.21.0&#8243; _module_preset=\u00bbdefault\u00bb width=\u00bb90%\u00bb max_width=\u00bb90%\u00bb global_colors_info=\u00bb{}\u00bb][et_pb_column type=\u00bb1_2&#8243; _builder_version=\u00bb4.21.0&#8243; _module_preset=\u00bbdefault\u00bb background_image=\u00bbhttps:\/\/naturalwalks.com\/wp-content\/uploads\/2023\/03\/541c4cbe5e978a4388d8a8cb6038b4c1.jpg\u00bb global_colors_info=\u00bb{}\u00bb][et_pb_divider show_divider=\u00bboff\u00bb _builder_version=\u00bb4.18.0&#8243; _module_preset=\u00bbdefault\u00bb custom_padding=\u00bb40%||||false|false\u00bb custom_padding_tablet=\u00bb25%||25%||false|false\u00bb custom_padding_phone=\u00bb25%||25%||false|false\u00bb custom_padding_last_edited=\u00bbon|desktop\u00bb global_colors_info=\u00bb{}\u00bb][\/et_pb_divider][\/et_pb_column][et_pb_column type=\u00bb1_2&#8243; _builder_version=\u00bb4.18.0&#8243; _module_preset=\u00bbdefault\u00bb global_colors_info=\u00bb{}\u00bb][et_pb_text content_last_edited=\u00bboff|desktop\u00bb _builder_version=\u00bb4.21.0&#8243; _module_preset=\u00bbdefault\u00bb text_font=\u00bbOpen Sans||||||||\u00bb text_text_color=\u00bb#292929&#8243; text_font_size=\u00bb15px\u00bb background_color=\u00bbRGBA(255,255,255,0)\u00bb custom_margin=\u00bb||||false|false\u00bb custom_margin_tablet=\u00bb||||false|false\u00bb custom_margin_phone=\u00bb||||false|false\u00bb custom_margin_last_edited=\u00bbon|phone\u00bb custom_padding=\u00bb||||false|false\u00bb custom_padding_tablet=\u00bb0px|50px||50px|false|false\u00bb custom_padding_phone=\u00bb0px|20px||20px|false|false\u00bb custom_padding_last_edited=\u00bbon|desktop\u00bb border_radii=\u00bbon|3px|3px|3px|3px\u00bb border_color_all=\u00bb#000000&#8243; global_colors_info=\u00bb{}\u00bb]<\/p>\n<h1 style=\"text-align: center;\"><strong>RSC:<br \/>Tus manos unidas para una naturaleza m\u00e1s sana<\/strong><strong><\/strong><strong><\/strong><\/h1>\n<p>[\/et_pb_text][et_pb_text content_last_edited=\u00bboff|desktop\u00bb _builder_version=\u00bb4.21.0&#8243; _module_preset=\u00bbdefault\u00bb text_font=\u00bbOpen Sans|600|||||||\u00bb text_text_color=\u00bb#474747&#8243; text_font_size=\u00bb15px\u00bb text_line_height=\u00bb1.8em\u00bb background_color=\u00bbRGBA(255,255,255,0)\u00bb custom_margin=\u00bb-20px||20px||false|false\u00bb custom_padding=\u00bb||||false|false\u00bb custom_padding_tablet=\u00bb|50px||50px|false|false\u00bb custom_padding_phone=\u00bb|20px||20px|false|false\u00bb custom_padding_last_edited=\u00bbon|tablet\u00bb text_text_color_tablet=\u00bb#474747&#8243; text_text_color_phone=\u00bb#474747&#8243; text_text_color_last_edited=\u00bbon|desktop\u00bb text_font_size_tablet=\u00bb15px\u00bb text_font_size_phone=\u00bb15px\u00bb text_font_size_last_edited=\u00bbon|phone\u00bb border_radii=\u00bbon|3px|3px|3px|3px\u00bb border_color_all=\u00bb#000000&#8243; global_colors_info=\u00bb{}\u00bb]<\/p>\n<p style=\"text-align: justify;\">En esta actividad pondr\u00e1s un grano de arena en el camino hacia el bienestar, a trav\u00e9s de una peque\u00f1a acci\u00f3n que mejore un espacio natural: un r\u00edo, un bosque, una playa o un camino tradicional. Te proponemos formar parte de nuestro proyecto personal de Naturalwalks y contribuir a la mejora de nuestra preciosa naturaleza a trav\u00e9s de una actividad l\u00fadica donde de forma activa, de trabajo en equipo contribuir\u00e1s a la mejora de la diversidad y de la vida natural potenciando las especies aut\u00f3ctonas, mejorando las condiciones de habitantes sensibles (playas, r\u00edos o rieras) y por tanto tambi\u00e9n nuestros preciados refugios de vida. A la vez har\u00e1s salud, conocer\u00e1s mejor a las personas con las que trabajas y detalles escondidos de la Naturaleza que te har\u00e1n m\u00e1s feliz.<\/p>\n<p style=\"text-align: left;\">Lugar: Toda Catalunya<\/p>\n<p>[\/et_pb_text][et_pb_text _builder_version=\u00bb4.21.0&#8243; _module_preset=\u00bbdefault\u00bb custom_margin=\u00bb||0px||false|false\u00bb custom_padding=\u00bb||||false|false\u00bb locked=\u00bboff\u00bb global_colors_info=\u00bb{}\u00bb]<\/p>\n<table style=\"width: 100%; border-collapse: collapse; height: 40px;\" border=\"1\">\n<tbody>\n<tr style=\"height: 30px;\">\n<td style=\"width: 33.3333%; height: 30px;\"><img loading=\"lazy\" decoding=\"async\" src=\"https:\/\/naturalwalks.com\/wp-content\/uploads\/2022\/12\/calendar.png\" alt=\"\" class=\"wp-image-1359 alignnone size-full\" style=\"display: block; margin-left: auto; margin-right: auto;\" width=\"30\" height=\"30\"><\/td>\n<td style=\"width: 33.3333%; height: 30px;\"><img loading=\"lazy\" decoding=\"async\" src=\"https:\/\/naturalwalks.com\/wp-content\/uploads\/2023\/01\/Dificultat.png\" alt=\"\" class=\"wp-image-1742 alignnone size-full\" style=\"display: block; margin-left: auto; margin-right: auto;\" width=\"30\" height=\"30\"><\/td>\n<td style=\"width: 33.3333%; height: 30px;\"><img loading=\"lazy\" decoding=\"async\" src=\"https:\/\/naturalwalks.com\/wp-content\/uploads\/2023\/01\/Durada.png\" alt=\"\" class=\"wp-image-1746 alignnone size-full\" style=\"display: block; margin-left: auto; margin-right: auto;\" width=\"30\" height=\"30\"><\/td>\n<\/tr>\n<tr style=\"height: 10px;\">\n<td style=\"width: 33.3333%; height: 10px; text-align: center;\">Todo el a\u00f1o<\/td>\n<td style=\"width: 33.3333%; height: 10px; text-align: center;\">F\u00e1cil<\/td>\n<td style=\"width: 33.3333%; height: 10px; text-align: center;\">2,5-3,5 h<\/td>\n<\/tr>\n<\/tbody>\n<\/table>\n<p>[\/et_pb_text][et_pb_button button_url=\u00bbmailto:info@naturalwalks.com\u00bb button_text=\u00bb+ info\u00bb button_alignment=\u00bbcenter\u00bb _builder_version=\u00bb4.18.0&#8243; _module_preset=\u00bbdefault\u00bb custom_button=\u00bbon\u00bb button_text_size=\u00bb17px\u00bb button_text_color=\u00bb#000000&#8243; button_border_width=\u00bb1px\u00bb button_border_color=\u00bb#000000&#8243; button_border_radius=\u00bb3px\u00bb button_font=\u00bbOpen Sans||||||||\u00bb button_use_icon=\u00bboff\u00bb custom_margin=\u00bb||||false|false\u00bb custom_margin_tablet=\u00bb||20px||false|false\u00bb custom_margin_phone=\u00bb||20px||false|false\u00bb custom_margin_last_edited=\u00bbon|desktop\u00bb custom_padding=\u00bb0px||0px||false|false\u00bb custom_padding_tablet=\u00bb||||false|false\u00bb custom_padding_phone=\u00bb||||false|false\u00bb custom_padding_last_edited=\u00bbon|tablet\u00bb button_text_size_tablet=\u00bb20px\u00bb button_text_size_phone=\u00bb15px\u00bb button_text_size_last_edited=\u00bbon|tablet\u00bb locked=\u00bboff\u00bb global_colors_info=\u00bb{}\u00bb button_text_color__hover_enabled=\u00bbon|desktop\u00bb button_bg_color__hover_enabled=\u00bbon|hover\u00bb button_bg_color__hover=\u00bb#719b1b\u00bb button_bg_enable_color__hover=\u00bbon\u00bb button_text_color__hover=\u00bb#FFFFFF\u00bb button_border_color__hover=\u00bbRGBA(255,255,255,0)\u00bb button_border_color__hover_enabled=\u00bbon|hover\u00bb][\/et_pb_button][\/et_pb_column][\/et_pb_row][et_pb_row column_structure=\u00bb1_2,1_2&#8243; _builder_version=\u00bb4.21.0&#8243; _module_preset=\u00bbdefault\u00bb width=\u00bb90%\u00bb max_width=\u00bb90%\u00bb hover_enabled=\u00bb0&#8243; global_colors_info=\u00bb{}\u00bb sticky_enabled=\u00bb0&#8243;][et_pb_column type=\u00bb1_2&#8243; _builder_version=\u00bb4.21.0&#8243; _module_preset=\u00bbdefault\u00bb background_image=\u00bbhttps:\/\/naturalwalks.com\/wp-content\/uploads\/2022\/12\/Natural-31Redim.jpg\u00bb hover_enabled=\u00bb0&#8243; global_colors_info=\u00bb{}\u00bb title_text=\u00bbNatural-31Redim\u00bb sticky_enabled=\u00bb0&#8243;][et_pb_divider show_divider=\u00bboff\u00bb _builder_version=\u00bb4.18.0&#8243; _module_preset=\u00bbdefault\u00bb custom_padding=\u00bb40%||||false|false\u00bb custom_padding_tablet=\u00bb25%||25%||false|false\u00bb custom_padding_phone=\u00bb25%||25%||false|false\u00bb custom_padding_last_edited=\u00bbon|desktop\u00bb global_colors_info=\u00bb{}\u00bb][\/et_pb_divider][\/et_pb_column][et_pb_column type=\u00bb1_2&#8243; _builder_version=\u00bb4.18.0&#8243; _module_preset=\u00bbdefault\u00bb global_colors_info=\u00bb{}\u00bb][et_pb_text content_last_edited=\u00bboff|desktop\u00bb _builder_version=\u00bb4.18.0&#8243; _module_preset=\u00bbdefault\u00bb text_font=\u00bbOpen Sans||||||||\u00bb text_text_color=\u00bb#292929&#8243; text_font_size=\u00bb15px\u00bb background_color=\u00bbRGBA(255,255,255,0)\u00bb custom_margin=\u00bb||||false|false\u00bb custom_margin_tablet=\u00bb||||false|false\u00bb custom_margin_phone=\u00bb||||false|false\u00bb custom_margin_last_edited=\u00bbon|phone\u00bb custom_padding=\u00bb||||false|false\u00bb custom_padding_tablet=\u00bb0px|50px||50px|false|false\u00bb custom_padding_phone=\u00bb0px|20px||20px|false|false\u00bb custom_padding_last_edited=\u00bbon|desktop\u00bb border_radii=\u00bbon|3px|3px|3px|3px\u00bb border_color_all=\u00bb#000000&#8243; global_colors_info=\u00bb{}\u00bb]<\/p>\n<h1 style=\"text-align: center;\"><strong>La naturaleza como fuente de inspiraci\u00f3n<\/strong><strong><\/strong><strong><\/strong><\/h1>\n<p>[\/et_pb_text][et_pb_text content_last_edited=\u00bboff|desktop\u00bb _builder_version=\u00bb4.18.0&#8243; _module_preset=\u00bbdefault\u00bb text_font=\u00bbOpen Sans|600|||||||\u00bb text_text_color=\u00bb#474747&#8243; text_font_size=\u00bb15px\u00bb text_line_height=\u00bb1.8em\u00bb background_color=\u00bbRGBA(255,255,255,0)\u00bb custom_margin=\u00bb-20px||20px||false|false\u00bb custom_padding=\u00bb||||false|false\u00bb custom_padding_tablet=\u00bb|50px||50px|false|false\u00bb custom_padding_phone=\u00bb|20px||20px|false|false\u00bb custom_padding_last_edited=\u00bbon|tablet\u00bb text_text_color_tablet=\u00bb#474747&#8243; text_text_color_phone=\u00bb#474747&#8243; text_text_color_last_edited=\u00bbon|desktop\u00bb text_font_size_tablet=\u00bb15px\u00bb text_font_size_phone=\u00bb15px\u00bb text_font_size_last_edited=\u00bbon|phone\u00bb border_radii=\u00bbon|3px|3px|3px|3px\u00bb border_color_all=\u00bb#000000&#8243; global_colors_info=\u00bb{}\u00bb]<\/p>\n<p style=\"text-align: justify;\">Un paseo por la naturaleza donde, a trav\u00e9s de una caminata tranquila entre bosques, prados y acantilados mediterr\u00e1neos, descubrir\u00e1s las infinitas lecciones que la naturaleza nos muestra para ser eficientes en la vida y tambi\u00e9n en nuestros lugares de trabajo, a trav\u00e9s de animadas e interactivas demostraciones. Descubrir\u00e1s, por ejemplo, c\u00f3mo lo hacen las plantas para sobrevivir en medios hostiles como una duna o un acantilado utilizando la m\u00ednima energ\u00eda. O como las plantas aparentemente m\u00e1s deliciosas y utilizadas desde tiempos inmemoriales en nuestra dieta mediterr\u00e1nea son a la vez las m\u00e1s repelentes y pueden defenderse con habilidad. O profundizar en las diferentes relaciones que se establecen en la naturaleza para mejorar nuestro rendimiento. La Naturaleza es una fuente de vida&#8230; \u00a1y tambi\u00e9n de inspiraci\u00f3n!<\/p>\n<p style=\"text-align: left;\">Lugar: Toda Catalunya<\/p>\n<p>[\/et_pb_text][et_pb_text _builder_version=\u00bb4.18.0&#8243; _module_preset=\u00bbdefault\u00bb custom_margin=\u00bb||0px||false|false\u00bb custom_padding=\u00bb||||false|false\u00bb locked=\u00bboff\u00bb global_colors_info=\u00bb{}\u00bb]<\/p>\n<table style=\"width: 100%; border-collapse: collapse; height: 40px;\" border=\"1\">\n<tbody>\n<tr style=\"height: 30px;\">\n<td style=\"width: 33.3333%; height: 30px;\"><img loading=\"lazy\" decoding=\"async\" src=\"https:\/\/naturalwalks.com\/wp-content\/uploads\/2022\/12\/calendar.png\" alt=\"\" class=\"wp-image-1359 alignnone size-full\" style=\"display: block; margin-left: auto; margin-right: auto;\" width=\"30\" height=\"30\"><\/td>\n<td style=\"width: 33.3333%; height: 30px;\"><img loading=\"lazy\" decoding=\"async\" src=\"https:\/\/naturalwalks.com\/wp-content\/uploads\/2023\/01\/Dificultat.png\" alt=\"\" class=\"wp-image-1742 alignnone size-full\" style=\"display: block; margin-left: auto; margin-right: auto;\" width=\"30\" height=\"30\"><\/td>\n<td style=\"width: 33.3333%; height: 30px;\"><img loading=\"lazy\" decoding=\"async\" src=\"https:\/\/naturalwalks.com\/wp-content\/uploads\/2023\/01\/Durada.png\" alt=\"\" class=\"wp-image-1746 alignnone size-full\" style=\"display: block; margin-left: auto; margin-right: auto;\" width=\"30\" height=\"30\"><\/td>\n<\/tr>\n<tr style=\"height: 10px;\">\n<td style=\"width: 33.3333%; height: 10px; text-align: center;\">Todo el a\u00f1o<\/td>\n<td style=\"width: 33.3333%; height: 10px; text-align: center;\">F\u00e1cil<\/td>\n<td style=\"width: 33.3333%; height: 10px; text-align: center;\">1,5-3,5 h<\/td>\n<\/tr>\n<\/tbody>\n<\/table>\n<p>[\/et_pb_text][et_pb_button button_url=\u00bbmailto:info@naturalwalks.com\u00bb button_text=\u00bb+ info\u00bb button_alignment=\u00bbcenter\u00bb _builder_version=\u00bb4.18.0&#8243; _module_preset=\u00bbdefault\u00bb custom_button=\u00bbon\u00bb button_text_size=\u00bb17px\u00bb button_text_color=\u00bb#000000&#8243; button_border_width=\u00bb1px\u00bb button_border_color=\u00bb#000000&#8243; button_border_radius=\u00bb3px\u00bb button_font=\u00bbOpen Sans||||||||\u00bb button_use_icon=\u00bboff\u00bb custom_margin=\u00bb||||false|false\u00bb custom_margin_tablet=\u00bb||20px||false|false\u00bb custom_margin_phone=\u00bb||20px||false|false\u00bb custom_margin_last_edited=\u00bbon|desktop\u00bb custom_padding=\u00bb0px||0px||false|false\u00bb custom_padding_tablet=\u00bb||||false|false\u00bb custom_padding_phone=\u00bb||||false|false\u00bb custom_padding_last_edited=\u00bbon|tablet\u00bb button_text_size_tablet=\u00bb20px\u00bb button_text_size_phone=\u00bb15px\u00bb button_text_size_last_edited=\u00bbon|tablet\u00bb locked=\u00bboff\u00bb global_colors_info=\u00bb{}\u00bb button_text_color__hover_enabled=\u00bbon|desktop\u00bb button_bg_color__hover_enabled=\u00bbon|hover\u00bb button_bg_color__hover=\u00bb#719b1b\u00bb button_bg_enable_color__hover=\u00bbon\u00bb button_text_color__hover=\u00bb#FFFFFF\u00bb button_border_color__hover=\u00bbRGBA(255,255,255,0)\u00bb button_border_color__hover_enabled=\u00bbon|hover\u00bb][\/et_pb_button][\/et_pb_column][\/et_pb_row][\/et_pb_section]<\/p>\n","protected":false},"excerpt":{"rendered":"<p>RSC &amp; Team BuldingRSC:Tus manos unidas para una naturaleza m\u00e1s sanaEn esta actividad pondr\u00e1s un grano de arena en el camino hacia el bienestar, a trav\u00e9s de una peque\u00f1a acci\u00f3n que mejore un espacio natural: un r\u00edo, un bosque, una playa o un camino tradicional. Te proponemos formar parte de nuestro proyecto personal de Naturalwalks [&hellip;]<\/p>\n","protected":false},"author":1,"featured_media":0,"parent":1302,"menu_order":12,"comment_status":"closed","ping_status":"closed","template":"","meta":{"_et_pb_use_builder":"on","_et_pb_old_content":"","_et_gb_content_width":"","footnotes":""},"class_list":["post-2366","page","type-page","status-publish","hentry"],"aioseo_notices":[],"_links":{"self":[{"href":"https:\/\/naturalwalks.com\/es\/wp-json\/wp\/v2\/pages\/2366","targetHints":{"allow":["GET"]}}],"collection":[{"href":"https:\/\/naturalwalks.com\/es\/wp-json\/wp\/v2\/pages"}],"about":[{"href":"https:\/\/naturalwalks.com\/es\/wp-json\/wp\/v2\/types\/page"}],"author":[{"embeddable":true,"href":"https:\/\/naturalwalks.com\/es\/wp-json\/wp\/v2\/users\/1"}],"replies":[{"embeddable":true,"href":"https:\/\/naturalwalks.com\/es\/wp-json\/wp\/v2\/comments?post=2366"}],"version-history":[{"count":6,"href":"https:\/\/naturalwalks.com\/es\/wp-json\/wp\/v2\/pages\/2366\/revisions"}],"predecessor-version":[{"id":4820,"href":"https:\/\/naturalwalks.com\/es\/wp-json\/wp\/v2\/pages\/2366\/revisions\/4820"}],"up":[{"embeddable":true,"href":"https:\/\/naturalwalks.com\/es\/wp-json\/wp\/v2\/pages\/1302"}],"wp:attachment":[{"href":"https:\/\/naturalwalks.com\/es\/wp-json\/wp\/v2\/media?parent=2366"}],"curies":[{"name":"wp","href":"https:\/\/api.w.org\/{rel}","templated":true}]}}