{"id":2620,"date":"2022-12-31T21:21:20","date_gmt":"2022-12-31T20:21:20","guid":{"rendered":"https:\/\/naturalwalks.com\/consultoria\/"},"modified":"2023-02-03T21:19:38","modified_gmt":"2023-02-03T20:19:38","slug":"consultoria","status":"publish","type":"page","link":"https:\/\/naturalwalks.com\/es\/consultoria\/","title":{"rendered":"Consultor\u00eda"},"content":{"rendered":"<p>[et_pb_section fb_built=\u00bb1&#8243; _builder_version=\u00bb4.18.0&#8243; _module_preset=\u00bbdefault\u00bb background_color=\u00bb#9dbc47&#8243; use_background_color_gradient=\u00bbon\u00bb background_color_gradient_stops=\u00bb#9dbc47 0%|#9bbc25 100%\u00bb background_enable_pattern_style=\u00bbon\u00bb background_pattern_style=\u00bbdiagonal-stripes\u00bb background_pattern_size=\u00bbcustom\u00bb background_pattern_width=\u00bb4503px\u00bb background_pattern_height=\u00bb2000px\u00bb background_pattern_horizontal_offset=\u00bb-8%\u00bb custom_margin=\u00bb||||false|false\u00bb custom_padding=\u00bb10px||10px||false|false\u00bb global_colors_info=\u00bb{}\u00bb][et_pb_row _builder_version=\u00bb4.18.0&#8243; _module_preset=\u00bbdefault\u00bb custom_margin=\u00bb25px||25px||false|false\u00bb custom_padding=\u00bb0px||0px||false|false\u00bb locked=\u00bboff\u00bb global_colors_info=\u00bb{}\u00bb][et_pb_column type=\u00bb4_4&#8243; _builder_version=\u00bb4.18.0&#8243; _module_preset=\u00bbdefault\u00bb global_colors_info=\u00bb{}\u00bb][et_pb_text _builder_version=\u00bb4.18.0&#8243; _module_preset=\u00bbdefault\u00bb text_font=\u00bbOpen Sans||||||||\u00bb text_text_color=\u00bb#FFFFFF\u00bb text_orientation=\u00bbcenter\u00bb background_layout=\u00bbdark\u00bb custom_padding=\u00bb|100px||100px|false|false\u00bb custom_padding_tablet=\u00bb|0px||0px|false|false\u00bb custom_padding_phone=\u00bb|0px||0px|false|false\u00bb custom_padding_last_edited=\u00bbon|phone\u00bb locked=\u00bboff\u00bb global_colors_info=\u00bb{}\u00bb]<\/p>\n<h3>Ofrecemos un servicio de asesoramiento y formaci\u00f3n a medida para distintos proyectos, entidades o instituciones que busquen un v\u00ednculo con la naturaleza de su entorno.<\/h3>\n<p>[\/et_pb_text][\/et_pb_column][\/et_pb_row][\/et_pb_section][et_pb_section fb_built=\u00bb1&#8243; _builder_version=\u00bb4.18.0&#8243; _module_preset=\u00bbdefault\u00bb background_color=\u00bbRGBA(255,255,255,0)\u00bb background_enable_image=\u00bboff\u00bb custom_margin=\u00bb||||false|false\u00bb custom_padding=\u00bb0px||0px||false|false\u00bb global_colors_info=\u00bb{}\u00bb][et_pb_row make_equal=\u00bbon\u00bb _builder_version=\u00bb4.18.0&#8243; _module_preset=\u00bbdefault\u00bb global_colors_info=\u00bb{}\u00bb][et_pb_column type=\u00bb4_4&#8243; _builder_version=\u00bb4.18.0&#8243; _module_preset=\u00bbdefault\u00bb background_enable_image=\u00bboff\u00bb global_colors_info=\u00bb{}\u00bb][et_pb_text content_last_edited=\u00bboff|desktop\u00bb _builder_version=\u00bb4.18.0&#8243; _module_preset=\u00bbdefault\u00bb text_font=\u00bbOpen Sans||||||||\u00bb text_text_color=\u00bb#292929&#8243; text_font_size=\u00bb15px\u00bb header_font_size=\u00bb40px\u00bb custom_margin=\u00bb||||false|false\u00bb custom_margin_tablet=\u00bb||||false|false\u00bb custom_margin_phone=\u00bb||||false|false\u00bb custom_margin_last_edited=\u00bbon|tablet\u00bb custom_padding=\u00bb20px||||false|false\u00bb custom_padding_tablet=\u00bb0px|50px||50px|false|false\u00bb custom_padding_phone=\u00bb0px|20px||20px|false|false\u00bb custom_padding_last_edited=\u00bbon|phone\u00bb header_font_size_tablet=\u00bb40px\u00bb header_font_size_phone=\u00bb35px\u00bb header_font_size_last_edited=\u00bbon|phone\u00bb border_radii=\u00bbon|3px|3px|3px|3px\u00bb border_color_all=\u00bb#000000&#8243; global_colors_info=\u00bb{}\u00bb background_color=\u00bbRGBA(255,255,255,0)\u00bb]<\/p>\n<h1 style=\"text-align: center;\"><strong>TURISMO<\/strong><strong><\/strong><\/h1>\n<p>[\/et_pb_text][et_pb_text _builder_version=\u00bb4.19.4&#8243; _module_preset=\u00bbdefault\u00bb text_font=\u00bb||||||||\u00bb text_text_color=\u00bb#474747&#8243; background_color=\u00bbrgba(96,193,0,0.15)\u00bb custom_margin=\u00bb||||false|false\u00bb custom_padding=\u00bb20px|20px|10px|20px|false|true\u00bb global_colors_info=\u00bb{}\u00bb]<\/p>\n<h3 style=\"text-align: center;\"><strong>Actividades de guiaje<\/strong><\/h3>\n<h3 style=\"text-align: center;\"><strong><\/strong><\/h3>\n<ul>\n<li style=\"text-align: justify;\">An\u00e1lisis de equipos de gu\u00edas: tanto individual como grupal<\/li>\n<li style=\"text-align: justify;\">An\u00e1lisis de productos relacionados con el guiaje: rutas, t\u00e9cnicas interpretativas, uso de material de soporte, etc.<\/li>\n<li style=\"text-align: justify;\">An\u00e1lisis de servicios exteriores al guiaje: transporte, restauraci\u00f3n, alojamiento, etc.<\/li>\n<li style=\"text-align: justify;\">Elaboraci\u00f3n de informes y propuestas de mejora<\/li>\n<\/ul>\n<p style=\"text-align: justify;\">[\/et_pb_text][et_pb_text _builder_version=\u00bb4.18.0&#8243; _module_preset=\u00bbdefault\u00bb text_font=\u00bb||||||||\u00bb text_text_color=\u00bb#474747&#8243; background_color=\u00bbrgba(96,193,0,0.15)\u00bb custom_margin=\u00bb||||false|false\u00bb custom_padding=\u00bb20px|20px|10px|20px|false|true\u00bb global_colors_info=\u00bb{}\u00bb]<\/p>\n<h3 style=\"text-align: center;\"><strong>Desarrollo de producto tur\u00edstico<\/strong><\/h3>\n<p><strong> <\/strong><\/p>\n<ul>\n<li style=\"text-align: justify;\">An\u00e1lisis de la potencialidad de los recursos del territorio -tanto naturales como culturales- relacionados con la actividad que se desarrolla<\/li>\n<li style=\"text-align: justify;\">An\u00e1lisis de la comunicaci\u00f3n de las actividades<\/li>\n<li style=\"text-align: justify;\">Preparaci\u00f3n y seguimiento de equipos de guiado<\/li>\n<li style=\"text-align: justify;\">Dise\u00f1o de actividades tur\u00edsticas genuinas y encajadas con la potencialidad del territorio<\/li>\n<\/ul>\n<p>[\/et_pb_text][\/et_pb_column][\/et_pb_row][et_pb_row make_equal=\u00bbon\u00bb _builder_version=\u00bb4.18.0&#8243; _module_preset=\u00bbdefault\u00bb global_colors_info=\u00bb{}\u00bb][et_pb_column type=\u00bb4_4&#8243; _builder_version=\u00bb4.18.0&#8243; _module_preset=\u00bbdefault\u00bb background_enable_image=\u00bboff\u00bb global_colors_info=\u00bb{}\u00bb][et_pb_text content_last_edited=\u00bboff|desktop\u00bb _builder_version=\u00bb4.19.4&#8243; _module_preset=\u00bbdefault\u00bb text_font=\u00bbOpen Sans||||||||\u00bb text_text_color=\u00bb#292929&#8243; text_font_size=\u00bb15px\u00bb header_font_size=\u00bb40px\u00bb custom_margin=\u00bb||||false|false\u00bb custom_margin_tablet=\u00bb||||false|false\u00bb custom_margin_phone=\u00bb||||false|false\u00bb custom_margin_last_edited=\u00bbon|tablet\u00bb custom_padding=\u00bb20px||||false|false\u00bb custom_padding_tablet=\u00bb0px|50px||50px|false|false\u00bb custom_padding_phone=\u00bb0px|20px||20px|false|false\u00bb custom_padding_last_edited=\u00bbon|phone\u00bb header_font_size_tablet=\u00bb40px\u00bb header_font_size_phone=\u00bb35px\u00bb header_font_size_last_edited=\u00bbon|phone\u00bb border_radii=\u00bbon|3px|3px|3px|3px\u00bb border_color_all=\u00bb#000000&#8243; global_colors_info=\u00bb{}\u00bb background_color=\u00bbRGBA(255,255,255,0)\u00bb]<\/p>\n<h1 style=\"text-align: center;\"><strong>GASTRONOM\u00cdA<\/strong><strong><\/strong><\/h1>\n<p>[\/et_pb_text][et_pb_text _builder_version=\u00bb4.18.0&#8243; _module_preset=\u00bbdefault\u00bb text_font=\u00bb||||||||\u00bb text_text_color=\u00bb#474747&#8243; background_color=\u00bbrgba(96,193,0,0.15)\u00bb custom_margin=\u00bb||||false|false\u00bb custom_padding=\u00bb20px|20px|10px|20px|false|true\u00bb global_colors_info=\u00bb{}\u00bb]<\/p>\n<h3 style=\"text-align: center;\"><strong>Gastrobot\u00e1nica: <\/strong><\/h3>\n<h3 style=\"text-align: center;\"><strong>Uso de los recursos silvestres vegetales y f\u00fangicos aplicados a la cocina<\/strong><\/h3>\n<p>&nbsp;<\/p>\n<p><strong><\/strong><\/p>\n<p><strong>Incluye: <\/strong><\/p>\n<p><strong> <\/strong><\/p>\n<ul>\n<li style=\"text-align: justify;\">An\u00e1lisis de los recursos naturales silvestres comestibles -vegetales, algas, hongos y setas- del entorno del proyecto para su aplicaci\u00f3n en la cocina: identificaci\u00f3n de especias, an\u00e1lisis de su potencial uso en diferentes tipos de cocina (tradicional, moderna, cocina de autor, saludable, raw food, etc.)<\/li>\n<li style=\"text-align: justify;\">An\u00e1lisis de los recursos naturales silvestres comestibles -vegetales, algas, hongos y setas- del entorno del proyecto para su aplicaci\u00f3n a la gastronom\u00eda l\u00edquida: bebidas tradicionales, nuevos licores, cocteler\u00eda, etc.<\/li>\n<li style=\"text-align: justify;\">Colaboraci\u00f3n en el dise\u00f1o de men\u00fas, platos y elaboraciones relacionadas con el proyecto<\/li>\n<li style=\"text-align: justify;\">Dise\u00f1o de actividades tur\u00edsticas relacionadas con proyectos gastron\u00f3micos<\/li>\n<li style=\"text-align: justify;\">Dise\u00f1o de jardines y espacios proveedores de ingredientes de origen silvestre<\/li>\n<\/ul>\n<p>[\/et_pb_text][\/et_pb_column][\/et_pb_row][et_pb_row make_equal=\u00bbon\u00bb _builder_version=\u00bb4.18.0&#8243; _module_preset=\u00bbdefault\u00bb global_colors_info=\u00bb{}\u00bb][et_pb_column type=\u00bb4_4&#8243; _builder_version=\u00bb4.18.0&#8243; _module_preset=\u00bbdefault\u00bb background_enable_image=\u00bboff\u00bb global_colors_info=\u00bb{}\u00bb][et_pb_text content_last_edited=\u00bboff|desktop\u00bb _builder_version=\u00bb4.18.0&#8243; _module_preset=\u00bbdefault\u00bb text_font=\u00bbOpen Sans||||||||\u00bb text_text_color=\u00bb#292929&#8243; text_font_size=\u00bb15px\u00bb header_font_size=\u00bb40px\u00bb custom_margin=\u00bb||||false|false\u00bb custom_margin_tablet=\u00bb||||false|false\u00bb custom_margin_phone=\u00bb||||false|false\u00bb custom_margin_last_edited=\u00bbon|tablet\u00bb custom_padding=\u00bb20px||||false|false\u00bb custom_padding_tablet=\u00bb0px|50px||50px|false|false\u00bb custom_padding_phone=\u00bb0px|20px||20px|false|false\u00bb custom_padding_last_edited=\u00bbon|phone\u00bb header_font_size_tablet=\u00bb40px\u00bb header_font_size_phone=\u00bb35px\u00bb header_font_size_last_edited=\u00bbon|phone\u00bb border_radii=\u00bbon|3px|3px|3px|3px\u00bb border_color_all=\u00bb#000000&#8243; global_colors_info=\u00bb{}\u00bb background_color=\u00bbRGBA(255,255,255,0)\u00bb]<\/p>\n<h1 style=\"text-align: center;\"><strong>SALUD<\/strong><strong><\/strong><\/h1>\n<p>[\/et_pb_text][et_pb_text _builder_version=\u00bb4.18.0&#8243; _module_preset=\u00bbdefault\u00bb text_font=\u00bb||||||||\u00bb text_text_color=\u00bb#474747&#8243; background_color=\u00bbrgba(96,193,0,0.15)\u00bb custom_margin=\u00bb||||false|false\u00bb custom_padding=\u00bb20px|20px|10px|20px|false|true\u00bb global_colors_info=\u00bb{}\u00bb]<\/p>\n<h3 style=\"text-align: center;\"><strong>Bienestar y salud a trav\u00e9s de la Naturaleza<\/strong><strong><\/strong><\/h3>\n<p>&nbsp;<\/p>\n<ul>\n<li style=\"text-align: justify;\">An\u00e1lisis de los recursos naturales silvestres comestibles -vegetales, algas, hongos y setas- del entorno del proyecto para su aplicaci\u00f3n en la cocina saludable: identificaci\u00f3n de especias, an\u00e1lisis de su potencial uso en diferentes tipos de cocina s\u00f3lida y l\u00edquida<\/li>\n<li style=\"text-align: justify;\">An\u00e1lisis de los recursos naturales silvestres comestibles -vegetales, algas, hongos y setas- del entorno del proyecto para su aplicaci\u00f3n a su uso curandero tradicional y actual<\/li>\n<li style=\"text-align: justify;\">Colaboraci\u00f3n en el dise\u00f1o de productos relacionados con la salud:<\/li>\n<li style=\"text-align: justify;\">Dise\u00f1o de actividades tur\u00edsticas relacionadas con proyectos de salud<\/li>\n<li style=\"text-align: justify;\">Dise\u00f1o de espacios y jardines proveedores de ingredientes de origen silvestre para su uso en el \u00e1mbito de la salud<\/li>\n<\/ul>\n<p>[\/et_pb_text][\/et_pb_column][\/et_pb_row][\/et_pb_section]<\/p>\n","protected":false},"excerpt":{"rendered":"<p>Ofrecemos un servicio de asesoramiento y formaci\u00f3n a medida para distintos proyectos, entidades o instituciones que busquen un v\u00ednculo con la naturaleza de su entorno.TURISMOActividades de guiaje An\u00e1lisis de equipos de gu\u00edas: tanto individual como grupal An\u00e1lisis de productos relacionados con el guiaje: rutas, t\u00e9cnicas interpretativas, uso de material de soporte, etc. An\u00e1lisis de servicios [&hellip;]<\/p>\n","protected":false},"author":1,"featured_media":0,"parent":0,"menu_order":50,"comment_status":"closed","ping_status":"closed","template":"","meta":{"_et_pb_use_builder":"on","_et_pb_old_content":"","_et_gb_content_width":"","footnotes":""},"class_list":["post-2620","page","type-page","status-publish","hentry"],"aioseo_notices":[],"_links":{"self":[{"href":"https:\/\/naturalwalks.com\/es\/wp-json\/wp\/v2\/pages\/2620","targetHints":{"allow":["GET"]}}],"collection":[{"href":"https:\/\/naturalwalks.com\/es\/wp-json\/wp\/v2\/pages"}],"about":[{"href":"https:\/\/naturalwalks.com\/es\/wp-json\/wp\/v2\/types\/page"}],"author":[{"embeddable":true,"href":"https:\/\/naturalwalks.com\/es\/wp-json\/wp\/v2\/users\/1"}],"replies":[{"embeddable":true,"href":"https:\/\/naturalwalks.com\/es\/wp-json\/wp\/v2\/comments?post=2620"}],"version-history":[{"count":12,"href":"https:\/\/naturalwalks.com\/es\/wp-json\/wp\/v2\/pages\/2620\/revisions"}],"predecessor-version":[{"id":3320,"href":"https:\/\/naturalwalks.com\/es\/wp-json\/wp\/v2\/pages\/2620\/revisions\/3320"}],"wp:attachment":[{"href":"https:\/\/naturalwalks.com\/es\/wp-json\/wp\/v2\/media?parent=2620"}],"curies":[{"name":"wp","href":"https:\/\/api.w.org\/{rel}","templated":true}]}}