{"id":2636,"date":"2022-09-24T13:06:14","date_gmt":"2022-09-24T11:06:14","guid":{"rendered":"https:\/\/naturalwalks.com\/politica-de-privadesa\/"},"modified":"2023-01-26T03:08:28","modified_gmt":"2023-01-26T01:08:28","slug":"politica-de-privadesa","status":"publish","type":"page","link":"https:\/\/naturalwalks.com\/es\/politica-de-privadesa\/","title":{"rendered":"Pol\u00edtica de privacidad"},"content":{"rendered":"<p>[et_pb_section fb_built=\u00bb1&#8243; _builder_version=\u00bb4.18.0&#8243; _module_preset=\u00bbdefault\u00bb background_color=\u00bb#9dbc47&#8243; use_background_color_gradient=\u00bbon\u00bb background_color_gradient_stops=\u00bb#9dbc47 0%|#9bbc25 100%\u00bb background_enable_pattern_style=\u00bbon\u00bb background_pattern_style=\u00bbdiagonal-stripes\u00bb background_pattern_size=\u00bbcustom\u00bb background_pattern_width=\u00bb4503px\u00bb background_pattern_height=\u00bb2000px\u00bb background_pattern_horizontal_offset=\u00bb-8%\u00bb custom_margin=\u00bb||||false|false\u00bb custom_padding=\u00bb10px||10px||false|false\u00bb global_colors_info=\u00bb{}\u00bb][et_pb_row _builder_version=\u00bb4.18.0&#8243; _module_preset=\u00bbdefault\u00bb custom_margin=\u00bb25px||25px||false|false\u00bb custom_padding=\u00bb0px||0px||false|false\u00bb locked=\u00bboff\u00bb global_colors_info=\u00bb{}\u00bb][et_pb_column type=\u00bb4_4&#8243; _builder_version=\u00bb4.18.0&#8243; _module_preset=\u00bbdefault\u00bb global_colors_info=\u00bb{}\u00bb][et_pb_text _builder_version=\u00bb4.19.4&#8243; _module_preset=\u00bbdefault\u00bb text_font=\u00bbOpen Sans||||||||\u00bb text_text_color=\u00bb#FFFFFF\u00bb text_orientation=\u00bbcenter\u00bb background_layout=\u00bbdark\u00bb custom_padding=\u00bb|100px||100px|false|false\u00bb custom_padding_tablet=\u00bb|0px||0px|false|false\u00bb custom_padding_phone=\u00bb|0px||0px|false|false\u00bb custom_padding_last_edited=\u00bbon|phone\u00bb hover_enabled=\u00bb0&#8243; locked=\u00bboff\u00bb global_colors_info=\u00bb{}\u00bb sticky_enabled=\u00bb0&#8243;]<\/p>\n<h3>Pol\u00edtica de Privacidad<\/h3>\n<p>[\/et_pb_text][\/et_pb_column][\/et_pb_row][\/et_pb_section][et_pb_section fb_built=\u00bb1&#8243; _builder_version=\u00bb4.18.0&#8243; _module_preset=\u00bbdefault\u00bb global_colors_info=\u00bb{}\u00bb][et_pb_row _builder_version=\u00bb4.18.0&#8243; _module_preset=\u00bbdefault\u00bb global_colors_info=\u00bb{}\u00bb][et_pb_column type=\u00bb4_4&#8243; _builder_version=\u00bb4.18.0&#8243; _module_preset=\u00bbdefault\u00bb global_colors_info=\u00bb{}\u00bb][et_pb_text _builder_version=\u00bb4.19.4&#8243; _module_preset=\u00bbdefault\u00bb text_text_color=\u00bb#242424&#8243; global_colors_info=\u00bb{}\u00bb]<\/p>\n<p>POL\u00cdTICA DE PRIVACIDAD<\/p>\n<p>INFORMACI\u00d3N AL USUARIO<\/p>\n<p>En esta Pol\u00edtica de Privacidad describimos c\u00f3mo recogemos sus datos personales y por qu\u00e9 los recogemos, qu\u00e9 hacemos con ellos, con quien los compartimos, c\u00f3mo los protegemos y sus opciones en cuanto al tratamiento de sus datos personales.<\/p>\n<p>Esta Pol\u00edtica se aplica al tratamiento de sus datos personales recogidos por la empresa para la prestaci\u00f3n de sus servicios. Si acepta las medidas de esta Pol\u00edtica, acepta que tratamos sus datos personales como se define en esta Pol\u00edtica.<\/p>\n<p>CONTACTO<\/p>\n<p>Denominaci\u00f3n social: Evarist March Sarlat<\/p>\n<p>Nombre comercial: Naturalwalks<\/p>\n<p>CIF: 77606280 W<\/p>\n<p>Domicilio: Barcelona, Espa\u00f1a<\/p>\n<p>e-mail: evarist@naturalwalks.com<\/p>\n<p>&nbsp;<\/p>\n<p>PRINCIPIOS CLAVE<\/p>\n<p>Siempre hemos estado comprometidos con prestar nuestros servicios con el mayor grado de calidad, lo que incluye tratar sus datos con seguridad y transparencia. Nuestros principios son:<\/p>\n<p>Legalidad: S\u00f3lo recopilaremos sus Datos personales para fines espec\u00edficos, expl\u00edcitos y leg\u00edtimos.<br \/>Minimizaci\u00f3n de datos: Limitamos la recogida de datos de car\u00e1cter personal a lo estrictamente relevante y necesario para los fines para los que se han recopilado.<br \/>Limitaci\u00f3n de la Finalidad: S\u00f3lo recogeremos sus datos personales para los fines declarados y s\u00f3lo seg\u00fan sus deseos.<br \/>Precisi\u00f3n: Mantendremos sus datos personales exactos y actualizados.<br \/>Seguridad de los datos: Aplicamos las medidas t\u00e9cnicas y organizativas adecuadas y proporcionales a los riesgos para garantizar que sus datos no sufran da\u00f1os, tales como divulgaci\u00f3n o acceso no autorizado, la destrucci\u00f3n accidental o il\u00edcita o la p\u00e9rdida accidental o alteraci\u00f3n y cualquier otra forma de tratamiento il\u00edcito.<br \/>Acceso y Rectificaci\u00f3n: Disponemos de medios para que acceda o rectifique sus datos cuando lo considere oportuno.<br \/>Conservaci\u00f3n: Conservemos sus datos personales de forma legal y apropiada y s\u00f3lo mientras es necesario para los fines para los que se han recopilado.<br \/>Las transferencias internacionales: cuando se d\u00e9 el caso de que sus datos sean transferidos fuera de la UE\/EEE se proteger\u00e1n adecuadamente.<br \/>Terceros: El acceso y la transferencia de datos personales a terceros se llevan a cabo de acuerdo con las leyes y los reglamentos aplicables y con las garant\u00edas contractuales adecuadas.<br \/>Marketing Directo y cookies: Cumplimos con la legislaci\u00f3n aplicable en materia de publicidad y cookies.<br \/>RECOGIDA Y TRATAMIENTO DE SUS DATOS PERSONALES<\/p>\n<p>Los tipos de datos que se pueden solicitar y tratar son:<\/p>\n<p>Datos de car\u00e1cter identificativo.<\/p>\n<p>Tambi\u00e9n recogemos de forma autom\u00e1tica datos sobre su visita a nuestro sitio web seg\u00fan se describe en la pol\u00edtica de cookies.<\/p>\n<p>Siempre que solicitemos sus Datos personales, le informaremos con claridad de qu\u00e9 datos personales recogemos y con qu\u00e9 finalidad. En general, recogemos y tratamos sus datos personales con el prop\u00f3sito de:<\/p>\n<p>Proporcionar informaci\u00f3n, servicios, productos e informaci\u00f3n relevante.<br \/>Env\u00edo de comunicaciones.<br \/>LEGITIMIDAD<\/p>\n<p>De acuerdo con la normativa de protecci\u00f3n de datos aplicable, sus datos personales se pueden tratar siempre que:<\/p>\n<p>Nos ha dado el consentimiento a efectos del tratamiento. Por supuesto, podr\u00e1 retirar su consentimiento en cualquier momento.<br \/>Por requerimiento legal.<br \/>Por existir un inter\u00e9s leg\u00edtimo que no se vea menoscabado por sus derechos de privacidad, tales como el env\u00edo de informaci\u00f3n comercial bien por suscripci\u00f3n a nuestra newsletter o por su condici\u00f3n de cliente.<br \/>Por ser necesaria para la prestaci\u00f3n de alguno de nuestros servicios mediante una relaci\u00f3n contractual entre usted y nosotros.<br \/>COMUNICACI\u00d3N DE DATOS PERSONALES<\/p>\n<p>Los datos pueden ser comunicados a empresas relacionadas con Naturalwalks para la prestaci\u00f3n de los distintos servicios en calidad de Encargados del Tratamiento. La empresa no realizar\u00e1 ninguna cesi\u00f3n, salvo por obligaci\u00f3n legal.<\/p>\n<p>SUS DERECHOS<\/p>\n<p>En relaci\u00f3n con la recogida y tratamiento de sus datos personales, puede ponerse en contacto con nosotros en cualquier momento por:<\/p>\n<p>Acceder a sus datos personales ya cualquier otra informaci\u00f3n indicada en el art\u00edculo 15.1 del RGPD.<br \/>Rectificar los datos personales que sean inexactos o est\u00e9n incompletos de acuerdo con el art\u00edculo 16 del RGPD.<br \/>Suprimir sus datos personales de acuerdo con el art\u00edculo 17 del RGPD.<br \/>Limitar el tratamiento de sus datos personales de acuerdo con el art\u00edculo 18 del RGPD.<br \/>Solicitar la portabilidad de sus datos de acuerdo con el art\u00edculo 20 del RGPD.<br \/>Oponerse al tratamiento de sus datos personales de acuerdo con el art\u00edculo 21 del RGPD.<\/p>\n<p>Si ha otorgado su consentimiento para alguna finalidad concreta, tiene derecho a retirar el consentimiento otorgado en cualquier momento, sin que ello afecte a la licitud del tratamiento basado en el consentimiento previo a su retirada.<\/p>\n<p>Puede ejercer estos derechos enviando comunicaci\u00f3n, motivada y acreditada, a info@naturalwalks.com<\/p>\n<p>Tambi\u00e9n tiene derecho a presentar una reclamaci\u00f3n ante la Autoridad de control competente si considera que el consentimiento no se ajusta a la normativa vigente.<\/p>\n<p>INFORMACI\u00d3N LEGAL<\/p>\n<p>Los requisitos de esta Pol\u00edtica complementan, y no reemplazan, cualquier otro requisito existente bajo la ley de protecci\u00f3n de datos aplicable, que ser\u00e1 la que prevalezca en cualquier caso.<\/p>\n<p>Esta Pol\u00edtica est\u00e1 sujeta a revisiones peri\u00f3dicas y la empresa puede modificarla en cualquier momento. Cuando esto ocurra, le avisaremos de cualquier cambio y le pediremos que vuelva a leer la versi\u00f3n m\u00e1s reciente de nuestra Pol\u00edtica y que confirme su aceptaci\u00f3n.<\/p>\n<p>[\/et_pb_text][\/et_pb_column][\/et_pb_row][\/et_pb_section]<\/p>\n","protected":false},"excerpt":{"rendered":"<p>Pol\u00edtica de PrivacidadPOL\u00cdTICA DE PRIVACIDAD INFORMACI\u00d3N AL USUARIO En esta Pol\u00edtica de Privacidad describimos c\u00f3mo recogemos sus datos personales y por qu\u00e9 los recogemos, qu\u00e9 hacemos con ellos, con quien los compartimos, c\u00f3mo los protegemos y sus opciones en cuanto al tratamiento de sus datos personales. Esta Pol\u00edtica se aplica al tratamiento de sus datos [&hellip;]<\/p>\n","protected":false},"author":1,"featured_media":0,"parent":0,"menu_order":54,"comment_status":"closed","ping_status":"open","template":"","meta":{"_et_pb_use_builder":"on","_et_pb_old_content":"","_et_gb_content_width":"","footnotes":""},"class_list":["post-2636","page","type-page","status-publish","hentry"],"aioseo_notices":[],"_links":{"self":[{"href":"https:\/\/naturalwalks.com\/es\/wp-json\/wp\/v2\/pages\/2636","targetHints":{"allow":["GET"]}}],"collection":[{"href":"https:\/\/naturalwalks.com\/es\/wp-json\/wp\/v2\/pages"}],"about":[{"href":"https:\/\/naturalwalks.com\/es\/wp-json\/wp\/v2\/types\/page"}],"author":[{"embeddable":true,"href":"https:\/\/naturalwalks.com\/es\/wp-json\/wp\/v2\/users\/1"}],"replies":[{"embeddable":true,"href":"https:\/\/naturalwalks.com\/es\/wp-json\/wp\/v2\/comments?post=2636"}],"version-history":[{"count":5,"href":"https:\/\/naturalwalks.com\/es\/wp-json\/wp\/v2\/pages\/2636\/revisions"}],"predecessor-version":[{"id":2676,"href":"https:\/\/naturalwalks.com\/es\/wp-json\/wp\/v2\/pages\/2636\/revisions\/2676"}],"wp:attachment":[{"href":"https:\/\/naturalwalks.com\/es\/wp-json\/wp\/v2\/media?parent=2636"}],"curies":[{"name":"wp","href":"https:\/\/api.w.org\/{rel}","templated":true}]}}