{"id":4981,"date":"2023-09-27T10:53:15","date_gmt":"2023-09-27T09:53:15","guid":{"rendered":"https:\/\/naturalwalks.com\/muchas-gracias-3\/"},"modified":"2023-09-27T10:53:50","modified_gmt":"2023-09-27T09:53:50","slug":"muchas-gracias-3","status":"publish","type":"page","link":"https:\/\/naturalwalks.com\/es\/muchas-gracias-3\/","title":{"rendered":"Muchas gracias 3"},"content":{"rendered":"<p>[et_pb_section fb_built=\u00bb1&#8243; _builder_version=\u00bb4.18.0&#8243; _module_preset=\u00bbdefault\u00bb background_color=\u00bb#9dbc47&#8243; use_background_color_gradient=\u00bbon\u00bb background_color_gradient_stops=\u00bb#9dbc47 0%|#9bbc25 100%\u00bb background_enable_pattern_style=\u00bbon\u00bb background_pattern_style=\u00bbdiagonal-stripes\u00bb background_pattern_size=\u00bbcustom\u00bb background_pattern_width=\u00bb4503px\u00bb background_pattern_height=\u00bb2000px\u00bb background_pattern_horizontal_offset=\u00bb-8%\u00bb custom_margin=\u00bb||||false|false\u00bb custom_padding=\u00bb10px||10px||false|false\u00bb global_colors_info=\u00bb{}\u00bb][et_pb_row _builder_version=\u00bb4.18.0&#8243; _module_preset=\u00bbdefault\u00bb custom_margin=\u00bb20px||20px||false|false\u00bb custom_padding=\u00bb0px||0px||false|false\u00bb global_colors_info=\u00bb{}\u00bb][et_pb_column type=\u00bb4_4&#8243; _builder_version=\u00bb4.18.0&#8243; _module_preset=\u00bbdefault\u00bb global_colors_info=\u00bb{}\u00bb][et_pb_text _builder_version=\u00bb4.19.4&#8243; _module_preset=\u00bbdefault\u00bb text_font=\u00bbOpen Sans||||||||\u00bb text_font_size=\u00bb25px\u00bb header_font=\u00bbOpen Sans||||||||\u00bb background_layout=\u00bbdark\u00bb custom_padding=\u00bb|130px||130px|false|false\u00bb custom_padding_tablet=\u00bb|0px||0px|false|false\u00bb custom_padding_phone=\u00bb|0px||0px|false|false\u00bb custom_padding_last_edited=\u00bbon|tablet\u00bb locked=\u00bboff\u00bb global_colors_info=\u00bb{}\u00bb]<\/p>\n<p style=\"text-align: center;\">\u00a1Muchas gracias!<\/p>\n<p>[\/et_pb_text][\/et_pb_column][\/et_pb_row][\/et_pb_section][et_pb_section fb_built=\u00bb1&#8243; _builder_version=\u00bb4.19.4&#8243; _module_preset=\u00bbdefault\u00bb global_colors_info=\u00bb{}\u00bb][et_pb_row _builder_version=\u00bb4.19.4&#8243; _module_preset=\u00bbdefault\u00bb global_colors_info=\u00bb{}\u00bb][et_pb_column type=\u00bb4_4&#8243; _builder_version=\u00bb4.19.4&#8243; _module_preset=\u00bbdefault\u00bb global_colors_info=\u00bb{}\u00bb][et_pb_text _builder_version=\u00bb4.19.4&#8243; _module_preset=\u00bbdefault\u00bb text_font_size=\u00bb18px\u00bb global_colors_info=\u00bb{}\u00bb]<\/p>\n<p style=\"text-align: center;\"><span style=\"color: #003300;\"><strong>\u00a1GRACIAS POR EL INTER\u00c9S EN NUESTRAS ACTIVIDADES!<br \/><\/strong><\/span><\/p>\n<p style=\"text-align: center;\">Contactaremos con usted en breve para confirmarle la plaza y darte los detalles de la actividad.<\/p>\n<p>&nbsp;<\/p>\n<p>[\/et_pb_text][et_pb_text _builder_version=\u00bb4.19.4&#8243; _module_preset=\u00bbdefault\u00bb hover_enabled=\u00bb0&#8243; locked=\u00bboff\u00bb global_colors_info=\u00bb{}\u00bb sticky_enabled=\u00bb0&#8243; custom_padding=\u00bb20px|100px||100px|false|true\u00bb custom_padding_last_edited=\u00bbon|tablet\u00bb custom_padding_phone=\u00bb15px|25px||25px|false|true\u00bb background_color=\u00bb#f4f4f4&#8243; custom_margin=\u00bb||||false|false\u00bb custom_padding_tablet=\u00bb20px|100px||100px|false|true\u00bb]<\/p>\n<p>Puede realizar el pago de la actividad<strong><span style=\"color: #003300;\">,<\/span><\/strong> escogiendo una de las siguientes opciones:<\/p>\n<p><strong><span style=\"color: #003300;\">TRANSFERENCIA BANCARIA<\/span><\/strong>: Ingrese el importe de la actividad en el n\u00famero de cuenta de Naturalwalks, indicando su nombre y apellidos.<\/p>\n<p>Caixa d\u2019Enginyers<\/p>\n<p>IBAN: <strong>ES7230250001181433225027<\/strong><\/p>\n<p>BIC (SWIFT): CDENESBBXXX<\/p>\n<p>&nbsp;<\/p>\n<p><strong><span style=\"color: #003300;\">PAYPAL<\/span>:<\/strong> Realize el pago a trav\u00e9s de su cuenta de PayPal en<strong>info@naturalwalks.com<\/strong><\/p>\n<p><a href=\"https:\/\/www.paypal.com\/es\/home\"><strong><img loading=\"lazy\" decoding=\"async\" src=\"https:\/\/naturalwalks.com\/wp-content\/uploads\/2023\/01\/PayPal.svg_.png\" alt=\"\" class=\"wp-image-2250 alignnone size-full\" width=\"124\" height=\"33\"><\/strong><\/a><\/p>\n<p>&nbsp;<\/p>\n<p>[\/et_pb_text][et_pb_text _builder_version=\u00bb4.19.4&#8243; _module_preset=\u00bbdefault\u00bb global_colors_info=\u00bb{}\u00bb]<\/p>\n<p><em>La reserva se har\u00e1 efectiva una vez efectuado el ingreso.<\/em><\/p>\n<p><em>En caso de cancelaci\u00f3n de la salida por motivos meteorol\u00f3gicos o condiciones del campo, se har\u00e1 una propuesta desde la organizaci\u00f3n de dos nuevas fechas o se crear\u00e1 un bono a utilizar en otras salidas. S\u00f3lo se devolver\u00e1 el importe de la inscripci\u00f3n si se puede justificar causa de fuerza mayor.<\/em><\/p>\n<p>[\/et_pb_text][\/et_pb_column][\/et_pb_row][\/et_pb_section]<\/p>\n","protected":false},"excerpt":{"rendered":"<p>\u00a1Muchas gracias!\u00a1GRACIAS POR EL INTER\u00c9S EN NUESTRAS ACTIVIDADES! Contactaremos con usted en breve para confirmarle la plaza y darte los detalles de la actividad. &nbsp;Puede realizar el pago de la actividad, escogiendo una de las siguientes opciones: TRANSFERENCIA BANCARIA: Ingrese el importe de la actividad en el n\u00famero de cuenta de Naturalwalks, indicando su nombre [&hellip;]<\/p>\n","protected":false},"author":1,"featured_media":0,"parent":0,"menu_order":4,"comment_status":"closed","ping_status":"closed","template":"","meta":{"_et_pb_use_builder":"on","_et_pb_old_content":"","_et_gb_content_width":"","footnotes":""},"class_list":["post-4981","page","type-page","status-publish","hentry"],"aioseo_notices":[],"_links":{"self":[{"href":"https:\/\/naturalwalks.com\/es\/wp-json\/wp\/v2\/pages\/4981","targetHints":{"allow":["GET"]}}],"collection":[{"href":"https:\/\/naturalwalks.com\/es\/wp-json\/wp\/v2\/pages"}],"about":[{"href":"https:\/\/naturalwalks.com\/es\/wp-json\/wp\/v2\/types\/page"}],"author":[{"embeddable":true,"href":"https:\/\/naturalwalks.com\/es\/wp-json\/wp\/v2\/users\/1"}],"replies":[{"embeddable":true,"href":"https:\/\/naturalwalks.com\/es\/wp-json\/wp\/v2\/comments?post=4981"}],"version-history":[{"count":2,"href":"https:\/\/naturalwalks.com\/es\/wp-json\/wp\/v2\/pages\/4981\/revisions"}],"predecessor-version":[{"id":4983,"href":"https:\/\/naturalwalks.com\/es\/wp-json\/wp\/v2\/pages\/4981\/revisions\/4983"}],"wp:attachment":[{"href":"https:\/\/naturalwalks.com\/es\/wp-json\/wp\/v2\/media?parent=4981"}],"curies":[{"name":"wp","href":"https:\/\/api.w.org\/{rel}","templated":true}]}}