{"id":4986,"date":"2023-09-27T10:30:39","date_gmt":"2023-09-27T09:30:39","guid":{"rendered":"https:\/\/naturalwalks.com\/reservas-cursos-de-setas\/"},"modified":"2023-09-27T10:55:37","modified_gmt":"2023-09-27T09:55:37","slug":"reservas-cursos-de-setas","status":"publish","type":"page","link":"https:\/\/naturalwalks.com\/es\/reservas-cursos-de-setas\/","title":{"rendered":"Reservas cursos de setas"},"content":{"rendered":"<p>[et_pb_section fb_built=\u00bb1&#8243; _builder_version=\u00bb4.18.0&#8243; _module_preset=\u00bbdefault\u00bb background_color=\u00bb#9dbc47&#8243; use_background_color_gradient=\u00bbon\u00bb background_color_gradient_stops=\u00bb#9dbc47 0%|#9bbc25 100%\u00bb background_enable_pattern_style=\u00bbon\u00bb background_pattern_style=\u00bbdiagonal-stripes\u00bb background_pattern_size=\u00bbcustom\u00bb background_pattern_width=\u00bb4503px\u00bb background_pattern_height=\u00bb2000px\u00bb background_pattern_horizontal_offset=\u00bb-8%\u00bb custom_margin=\u00bb||||false|false\u00bb custom_padding=\u00bb10px||10px||false|false\u00bb global_colors_info=\u00bb{}\u00bb][et_pb_row _builder_version=\u00bb4.18.0&#8243; _module_preset=\u00bbdefault\u00bb custom_margin=\u00bb20px||20px||false|false\u00bb custom_padding=\u00bb0px||0px||false|false\u00bb global_colors_info=\u00bb{}\u00bb][et_pb_column type=\u00bb4_4&#8243; _builder_version=\u00bb4.18.0&#8243; _module_preset=\u00bbdefault\u00bb global_colors_info=\u00bb{}\u00bb][et_pb_text _builder_version=\u00bb4.19.4&#8243; _module_preset=\u00bbdefault\u00bb text_font=\u00bbOpen Sans||||||||\u00bb text_font_size=\u00bb25px\u00bb header_font=\u00bbOpen Sans||||||||\u00bb background_layout=\u00bbdark\u00bb custom_padding=\u00bb|130px||130px|false|false\u00bb custom_padding_tablet=\u00bb|0px||0px|false|false\u00bb custom_padding_phone=\u00bb|0px||0px|false|false\u00bb custom_padding_last_edited=\u00bbon|tablet\u00bb locked=\u00bboff\u00bb global_colors_info=\u00bb{}\u00bb]<\/p>\n<p style=\"text-align: center;\">Reserva tu actividad<\/p>\n<p>[\/et_pb_text][\/et_pb_column][\/et_pb_row][\/et_pb_section][et_pb_section fb_built=\u00bb1&#8243; _builder_version=\u00bb4.18.0&#8243; _module_preset=\u00bbdefault\u00bb background_enable_image=\u00bboff\u00bb custom_margin=\u00bb||||false|false\u00bb custom_padding=\u00bb0px||||false|false\u00bb locked=\u00bboff\u00bb global_colors_info=\u00bb{}\u00bb][et_pb_row _builder_version=\u00bb4.19.4&#8243; _module_preset=\u00bbdefault\u00bb global_colors_info=\u00bb{}\u00bb][et_pb_column type=\u00bb4_4&#8243; _builder_version=\u00bb4.19.4&#8243; _module_preset=\u00bbdefault\u00bb global_colors_info=\u00bb{}\u00bb][et_pb_text _builder_version=\u00bb4.19.4&#8243; _module_preset=\u00bbdefault\u00bb global_colors_info=\u00bb{}\u00bb]<\/p>\n<p>Sus datos s\u00f3lo ser\u00e1n usados para fines relacionados con la inscripci\u00f3n y facturaci\u00f3n de esta actividad.<\/p>\n<p>Podeu consultar la nostra pol\u00edtica de privadesa <span style=\"color: #003300;\"><a href=\"\/wordpress?page_id=3\" style=\"color: #003300;\">aqu\u00ed<\/a><\/span>.<\/p>\n<p>[\/et_pb_text][et_pb_contact_form use_spam_service=\u00bbon\u00bb recaptcha_list=\u00bbnaturalwalks|naturalwalks-0&#8243; email=\u00bbnaturalwalkscontact@gmail.com\u00bb use_redirect=\u00bbon\u00bb redirect_url=\u00bbhttps:\/\/naturalwalks.com\/es\/muchas-gracias-cursos-de-setas\/\u00bb submit_button_text=\u00bbEnviar\u00bb _builder_version=\u00bb4.21.0&#8243; _module_preset=\u00bbdefault\u00bb _unique_id=\u00bbc8a50f2d-b69e-4410-86c9-ee1c4c02d7cb\u00bb form_field_background_color=\u00bbrgba(108,170,0,0.18)\u00bb captcha_font=\u00bb|700|||||||\u00bb custom_button=\u00bbon\u00bb button_text_color=\u00bb#ffffff\u00bb button_bg_color=\u00bb#386024&#8243; button_border_width=\u00bb0px\u00bb button_border_radius=\u00bb5px\u00bb button_font=\u00bb|600|||||||\u00bb button_icon=\u00bb&#x3d;||divi||400&#8243; button_icon_color=\u00bb#FFFFFF\u00bb hover_enabled=\u00bb0&#8243; custom_css_main_element=\u00bb\/* Display field titles above fields *\/||.et_pb_contact_form_label {||display: block;||font-weight:bold;||bottom:3px;||}||||\/* Hide duplicate placeholders *\/||.et_pb_contact_form_container .input::placeholder {||    opacity:0;||}||||\/*Hide duplicate titles in radio buttons and checkboxes *\/||.et_pb_contact_field_options_title {||display:none;||}\u00bb box_shadow_style=\u00bbpreset3&#8243; global_colors_info=\u00bb{}\u00bb sticky_enabled=\u00bb0&#8243;][et_pb_contact_field field_id=\u00bbActivitat_en_la_que_vols_participar\u00bb field_title=\u00bbActividad en la que quieres participar\u00bb _builder_version=\u00bb4.19.4&#8243; _module_preset=\u00bbdefault\u00bb global_colors_info=\u00bb{}\u00bb][\/et_pb_contact_field][et_pb_contact_field field_id=\u00bbData_de_l&#8217;activitat\u00bb field_title=\u00bbFecha de la actividad\u00bb _builder_version=\u00bb4.19.4&#8243; _module_preset=\u00bbdefault\u00bb global_colors_info=\u00bb{}\u00bb][\/et_pb_contact_field][et_pb_contact_field field_id=\u00bbNom_i_Cognoms\u00bb field_title=\u00bbNombre y apellidos\u00bb _builder_version=\u00bb4.19.4&#8243; global_colors_info=\u00bb{}\u00bb button_text_size__hover_enabled=\u00bboff\u00bb button_one_text_size__hover_enabled=\u00bboff\u00bb button_two_text_size__hover_enabled=\u00bboff\u00bb button_text_color__hover_enabled=\u00bboff\u00bb button_one_text_color__hover_enabled=\u00bboff\u00bb button_two_text_color__hover_enabled=\u00bboff\u00bb button_border_width__hover_enabled=\u00bboff\u00bb button_one_border_width__hover_enabled=\u00bboff\u00bb button_two_border_width__hover_enabled=\u00bboff\u00bb button_border_color__hover_enabled=\u00bboff\u00bb button_one_border_color__hover_enabled=\u00bboff\u00bb button_two_border_color__hover_enabled=\u00bboff\u00bb button_border_radius__hover_enabled=\u00bboff\u00bb button_one_border_radius__hover_enabled=\u00bboff\u00bb button_two_border_radius__hover_enabled=\u00bboff\u00bb button_letter_spacing__hover_enabled=\u00bboff\u00bb button_one_letter_spacing__hover_enabled=\u00bboff\u00bb button_two_letter_spacing__hover_enabled=\u00bboff\u00bb button_bg_color__hover_enabled=\u00bboff\u00bb button_one_bg_color__hover_enabled=\u00bboff\u00bb button_two_bg_color__hover_enabled=\u00bboff\u00bb][\/et_pb_contact_field][et_pb_contact_field field_id=\u00bbN\u00ba_de_participants\u00bb field_title=\u00bbN\u00ba de participantes\u00bb _builder_version=\u00bb4.19.4&#8243; _module_preset=\u00bbdefault\u00bb global_colors_info=\u00bb{}\u00bb][\/et_pb_contact_field][et_pb_contact_field field_id=\u00bbNIF\u00bb field_title=\u00bbNIF \u00bb _builder_version=\u00bb4.19.4&#8243; _module_preset=\u00bbdefault\u00bb global_colors_info=\u00bb{}\u00bb][\/et_pb_contact_field][et_pb_contact_field field_id=\u00bbEmail\u00bb field_title=\u00bbEmail\u00bb field_type=\u00bbemail\u00bb _builder_version=\u00bb4.19.4&#8243; global_colors_info=\u00bb{}\u00bb button_text_size__hover_enabled=\u00bboff\u00bb button_one_text_size__hover_enabled=\u00bboff\u00bb button_two_text_size__hover_enabled=\u00bboff\u00bb button_text_color__hover_enabled=\u00bboff\u00bb button_one_text_color__hover_enabled=\u00bboff\u00bb button_two_text_color__hover_enabled=\u00bboff\u00bb button_border_width__hover_enabled=\u00bboff\u00bb button_one_border_width__hover_enabled=\u00bboff\u00bb button_two_border_width__hover_enabled=\u00bboff\u00bb button_border_color__hover_enabled=\u00bboff\u00bb button_one_border_color__hover_enabled=\u00bboff\u00bb button_two_border_color__hover_enabled=\u00bboff\u00bb button_border_radius__hover_enabled=\u00bboff\u00bb button_one_border_radius__hover_enabled=\u00bboff\u00bb button_two_border_radius__hover_enabled=\u00bboff\u00bb button_letter_spacing__hover_enabled=\u00bboff\u00bb button_one_letter_spacing__hover_enabled=\u00bboff\u00bb button_two_letter_spacing__hover_enabled=\u00bboff\u00bb button_bg_color__hover_enabled=\u00bboff\u00bb button_one_bg_color__hover_enabled=\u00bboff\u00bb button_two_bg_color__hover_enabled=\u00bboff\u00bb][\/et_pb_contact_field][et_pb_contact_field field_id=\u00bbTelefon\u00bb field_title=\u00bbTel\u00e9fono\u00bb _builder_version=\u00bb4.19.4&#8243; _module_preset=\u00bbdefault\u00bb global_colors_info=\u00bb{}\u00bb][\/et_pb_contact_field][et_pb_contact_field field_id=\u00bbAdre\u00e7a\u00bb field_title=\u00bbDirecci\u00f3n\u00bb _builder_version=\u00bb4.19.4&#8243; _module_preset=\u00bbdefault\u00bb global_colors_info=\u00bb{}\u00bb][\/et_pb_contact_field][et_pb_contact_field field_id=\u00bbCodi_postal\u00bb field_title=\u00bbC\u00f3digo postal\u00bb _builder_version=\u00bb4.19.4&#8243; _module_preset=\u00bbdefault\u00bb global_colors_info=\u00bb{}\u00bb][\/et_pb_contact_field][et_pb_contact_field field_id=\u00bbPoblacio\u00bb field_title=\u00bbPoblaci\u00f3n\u00bb _builder_version=\u00bb4.19.4&#8243; _module_preset=\u00bbdefault\u00bb global_colors_info=\u00bb{}\u00bb][\/et_pb_contact_field][et_pb_contact_field field_id=\u00bbPais\u00bb field_title=\u00bbPa\u00eds\u00bb _builder_version=\u00bb4.19.4&#8243; _module_preset=\u00bbdefault\u00bb global_colors_info=\u00bb{}\u00bb][\/et_pb_contact_field][et_pb_contact_field field_id=\u00bbComentaris\u00bb field_title=\u00bbComentarios\u00bb field_type=\u00bbtext\u00bb required_mark=\u00bboff\u00bb _builder_version=\u00bb4.19.4&#8243; _module_preset=\u00bbdefault\u00bb global_colors_info=\u00bb{}\u00bb][\/et_pb_contact_field][\/et_pb_contact_form][\/et_pb_column][\/et_pb_row][\/et_pb_section]<\/p>\n","protected":false},"excerpt":{"rendered":"<p>Reserva tu actividadSus datos s\u00f3lo ser\u00e1n usados para fines relacionados con la inscripci\u00f3n y facturaci\u00f3n de esta actividad. Podeu consultar la nostra pol\u00edtica de privadesa aqu\u00ed.<\/p>\n","protected":false},"author":1,"featured_media":0,"parent":0,"menu_order":7,"comment_status":"closed","ping_status":"closed","template":"","meta":{"_et_pb_use_builder":"on","_et_pb_old_content":"","_et_gb_content_width":"","footnotes":""},"class_list":["post-4986","page","type-page","status-publish","hentry"],"aioseo_notices":[],"_links":{"self":[{"href":"https:\/\/naturalwalks.com\/es\/wp-json\/wp\/v2\/pages\/4986","targetHints":{"allow":["GET"]}}],"collection":[{"href":"https:\/\/naturalwalks.com\/es\/wp-json\/wp\/v2\/pages"}],"about":[{"href":"https:\/\/naturalwalks.com\/es\/wp-json\/wp\/v2\/types\/page"}],"author":[{"embeddable":true,"href":"https:\/\/naturalwalks.com\/es\/wp-json\/wp\/v2\/users\/1"}],"replies":[{"embeddable":true,"href":"https:\/\/naturalwalks.com\/es\/wp-json\/wp\/v2\/comments?post=4986"}],"version-history":[{"count":2,"href":"https:\/\/naturalwalks.com\/es\/wp-json\/wp\/v2\/pages\/4986\/revisions"}],"predecessor-version":[{"id":4988,"href":"https:\/\/naturalwalks.com\/es\/wp-json\/wp\/v2\/pages\/4986\/revisions\/4988"}],"wp:attachment":[{"href":"https:\/\/naturalwalks.com\/es\/wp-json\/wp\/v2\/media?parent=4986"}],"curies":[{"name":"wp","href":"https:\/\/api.w.org\/{rel}","templated":true}]}}