{"id":4515,"date":"2023-01-27T19:21:02","date_gmt":"2023-01-27T18:21:02","guid":{"rendered":"https:\/\/naturalwalks.com\/merci-beaucoup\/"},"modified":"2023-06-21T11:54:59","modified_gmt":"2023-06-21T10:54:59","slug":"merci-beaucoup","status":"publish","type":"page","link":"https:\/\/naturalwalks.com\/fr\/merci-beaucoup\/","title":{"rendered":"Merci beaucoup!"},"content":{"rendered":"<p>[et_pb_section fb_built=\u00a0\u00bb1&Prime; _builder_version=\u00a0\u00bb4.18.0&Prime; _module_preset=\u00a0\u00bbdefault\u00a0\u00bb background_color=\u00a0\u00bb#9dbc47&Prime; use_background_color_gradient=\u00a0\u00bbon\u00a0\u00bb background_color_gradient_stops=\u00a0\u00bb#9dbc47 0%|#9bbc25 100%\u00a0\u00bb background_enable_pattern_style=\u00a0\u00bbon\u00a0\u00bb background_pattern_style=\u00a0\u00bbdiagonal-stripes\u00a0\u00bb background_pattern_size=\u00a0\u00bbcustom\u00a0\u00bb background_pattern_width=\u00a0\u00bb4503px\u00a0\u00bb background_pattern_height=\u00a0\u00bb2000px\u00a0\u00bb background_pattern_horizontal_offset=\u00a0\u00bb-8%\u00a0\u00bb custom_margin=\u00a0\u00bb||||false|false\u00a0\u00bb custom_padding=\u00a0\u00bb10px||10px||false|false\u00a0\u00bb global_colors_info=\u00a0\u00bb{}\u00a0\u00bb][et_pb_row _builder_version=\u00a0\u00bb4.18.0&Prime; _module_preset=\u00a0\u00bbdefault\u00a0\u00bb custom_margin=\u00a0\u00bb20px||20px||false|false\u00a0\u00bb custom_padding=\u00a0\u00bb0px||0px||false|false\u00a0\u00bb global_colors_info=\u00a0\u00bb{}\u00a0\u00bb][et_pb_column type=\u00a0\u00bb4_4&Prime; _builder_version=\u00a0\u00bb4.18.0&Prime; _module_preset=\u00a0\u00bbdefault\u00a0\u00bb global_colors_info=\u00a0\u00bb{}\u00a0\u00bb][et_pb_text _builder_version=\u00a0\u00bb4.19.4&Prime; _module_preset=\u00a0\u00bbdefault\u00a0\u00bb text_font=\u00a0\u00bbOpen Sans||||||||\u00a0\u00bb text_font_size=\u00a0\u00bb25px\u00a0\u00bb header_font=\u00a0\u00bbOpen Sans||||||||\u00a0\u00bb background_layout=\u00a0\u00bbdark\u00a0\u00bb custom_padding=\u00a0\u00bb|130px||130px|false|false\u00a0\u00bb custom_padding_tablet=\u00a0\u00bb|0px||0px|false|false\u00a0\u00bb custom_padding_phone=\u00a0\u00bb|0px||0px|false|false\u00a0\u00bb custom_padding_last_edited=\u00a0\u00bbon|tablet\u00a0\u00bb locked=\u00a0\u00bboff\u00a0\u00bb global_colors_info=\u00a0\u00bb{}\u00a0\u00bb]<\/p>\n<p style=\"text-align: center;\">Merci beaucoup!<\/p>\n<p>[\/et_pb_text][\/et_pb_column][\/et_pb_row][\/et_pb_section][et_pb_section fb_built=\u00a0\u00bb1&Prime; _builder_version=\u00a0\u00bb4.19.4&Prime; _module_preset=\u00a0\u00bbdefault\u00a0\u00bb global_colors_info=\u00a0\u00bb{}\u00a0\u00bb][et_pb_row _builder_version=\u00a0\u00bb4.19.4&Prime; _module_preset=\u00a0\u00bbdefault\u00a0\u00bb global_colors_info=\u00a0\u00bb{}\u00a0\u00bb][et_pb_column type=\u00a0\u00bb4_4&Prime; _builder_version=\u00a0\u00bb4.19.4&Prime; _module_preset=\u00a0\u00bbdefault\u00a0\u00bb global_colors_info=\u00a0\u00bb{}\u00a0\u00bb][et_pb_text _builder_version=\u00a0\u00bb4.19.4&Prime; _module_preset=\u00a0\u00bbdefault\u00a0\u00bb text_font_size=\u00a0\u00bb18px\u00a0\u00bb global_colors_info=\u00a0\u00bb{}\u00a0\u00bb]<\/p>\n<p style=\"text-align: center;\"><span style=\"color: #003300;\"><strong>MERCI DE VOTRE INT\u00c9R\u00caT POUR NOS ACTIVIT\u00c9S !<br \/><\/strong><\/span><\/p>\n<p style=\"text-align: center;\">Nous vous contacterons prochainement pour confirmer le lieu et vous donner les d\u00e9tails de l&rsquo;activit\u00e9.<\/p>\n<p>&nbsp;<\/p>\n<p>[\/et_pb_text][et_pb_text _builder_version=\u00a0\u00bb4.19.4&Prime; _module_preset=\u00a0\u00bbdefault\u00a0\u00bb hover_enabled=\u00a0\u00bb0&Prime; locked=\u00a0\u00bboff\u00a0\u00bb global_colors_info=\u00a0\u00bb{}\u00a0\u00bb sticky_enabled=\u00a0\u00bb0&Prime; custom_padding=\u00a0\u00bb20px|100px||100px|false|true\u00a0\u00bb custom_padding_last_edited=\u00a0\u00bbon|tablet\u00a0\u00bb custom_padding_phone=\u00a0\u00bb15px|25px||25px|false|true\u00a0\u00bb background_color=\u00a0\u00bb#f4f4f4&Prime; custom_margin=\u00a0\u00bb||||false|false\u00a0\u00bb custom_padding_tablet=\u00a0\u00bb20px|100px||100px|false|true\u00a0\u00bb]<\/p>\n<p>Vous pouvez payer l&rsquo;activit\u00e9 en choisissant l&rsquo;une des options suivantes <strong><span style=\"color: #003300;\">:<\/span><\/strong><\/p>\n<p><strong><span style=\"color: #003300;\">VIREMENT BANCAIRE :<\/span><\/strong> Entrez le montant de l&rsquo;activit\u00e9 dans le num\u00e9ro de compte Naturalwalks, en indiquant votre nom et pr\u00e9nom.<\/p>\n<p>Caixa d\u2019Enginyers<\/p>\n<p>IBAN: <strong>ES7230250001181433225027<\/strong><\/p>\n<p>BIC (SWIFT): CDENESBBXXX<\/p>\n<p>&nbsp;<\/p>\n<p><strong><span style=\"color: #003300;\">PAYPAL :<\/span><\/strong> Effectuez le paiement via votre compte PayPal \u00e0 <strong>info@naturalwalks.com<\/strong><\/p>\n<p><a href=\"https:\/\/www.paypal.com\/es\/home\"><strong><img loading=\"lazy\" decoding=\"async\" src=\"https:\/\/naturalwalks.com\/wp-content\/uploads\/2023\/01\/PayPal.svg_.png\" alt=\"\" class=\"wp-image-2250 alignnone size-full\" width=\"124\" height=\"33\"><\/strong><\/a><\/p>\n<p>&nbsp;<\/p>\n<p>[\/et_pb_text][et_pb_text _builder_version=\u00a0\u00bb4.19.4&Prime; _module_preset=\u00a0\u00bbdefault\u00a0\u00bb global_colors_info=\u00a0\u00bb{}\u00a0\u00bb]<\/p>\n<p><em>La r\u00e9servation sera effective une fois l&rsquo;inscription effectu\u00e9e.<\/em><\/p>\n<p><em>En cas d&rsquo;annulation du d\u00e9part pour cause de conditions m\u00e9t\u00e9orologiques ou de terrain, une proposition sera faite d\u00e8s l&rsquo;organisation de deux nouvelles dates ou un bon sera cr\u00e9\u00e9 pour \u00eatre utilis\u00e9 dans d&rsquo;autres d\u00e9parts. Le montant de l&rsquo;inscription ne sera rembours\u00e9 que s&rsquo;il est d\u00fb \u00e0 un cas de force majeure justifi\u00e9.<\/em><\/p>\n<p>[\/et_pb_text][\/et_pb_column][\/et_pb_row][\/et_pb_section]<\/p>\n","protected":false},"excerpt":{"rendered":"<p>Merci beaucoup!MERCI DE VOTRE INT\u00c9R\u00caT POUR NOS ACTIVIT\u00c9S ! Nous vous contacterons prochainement pour confirmer le lieu et vous donner les d\u00e9tails de l&rsquo;activit\u00e9. &nbsp;Vous pouvez payer l&rsquo;activit\u00e9 en choisissant l&rsquo;une des options suivantes : VIREMENT BANCAIRE : Entrez le montant de l&rsquo;activit\u00e9 dans le num\u00e9ro de compte Naturalwalks, en indiquant votre nom et pr\u00e9nom. [&hellip;]<\/p>\n","protected":false},"author":1,"featured_media":0,"parent":0,"menu_order":4,"comment_status":"closed","ping_status":"closed","template":"","meta":{"_et_pb_use_builder":"on","_et_pb_old_content":"","_et_gb_content_width":"","footnotes":""},"class_list":["post-4515","page","type-page","status-publish","hentry"],"aioseo_notices":[],"_links":{"self":[{"href":"https:\/\/naturalwalks.com\/fr\/wp-json\/wp\/v2\/pages\/4515","targetHints":{"allow":["GET"]}}],"collection":[{"href":"https:\/\/naturalwalks.com\/fr\/wp-json\/wp\/v2\/pages"}],"about":[{"href":"https:\/\/naturalwalks.com\/fr\/wp-json\/wp\/v2\/types\/page"}],"author":[{"embeddable":true,"href":"https:\/\/naturalwalks.com\/fr\/wp-json\/wp\/v2\/users\/1"}],"replies":[{"embeddable":true,"href":"https:\/\/naturalwalks.com\/fr\/wp-json\/wp\/v2\/comments?post=4515"}],"version-history":[{"count":5,"href":"https:\/\/naturalwalks.com\/fr\/wp-json\/wp\/v2\/pages\/4515\/revisions"}],"predecessor-version":[{"id":4520,"href":"https:\/\/naturalwalks.com\/fr\/wp-json\/wp\/v2\/pages\/4515\/revisions\/4520"}],"wp:attachment":[{"href":"https:\/\/naturalwalks.com\/fr\/wp-json\/wp\/v2\/media?parent=4515"}],"curies":[{"name":"wp","href":"https:\/\/api.w.org\/{rel}","templated":true}]}}