{"id":4569,"date":"2022-12-31T21:21:20","date_gmt":"2022-12-31T20:21:20","guid":{"rendered":"https:\/\/naturalwalks.com\/conseil\/"},"modified":"2023-06-25T12:56:19","modified_gmt":"2023-06-25T11:56:19","slug":"conseil","status":"publish","type":"page","link":"https:\/\/naturalwalks.com\/fr\/conseil\/","title":{"rendered":"Conseil"},"content":{"rendered":"<p>[et_pb_section fb_built=\u00a0\u00bb1&Prime; _builder_version=\u00a0\u00bb4.18.0&Prime; _module_preset=\u00a0\u00bbdefault\u00a0\u00bb background_color=\u00a0\u00bb#9dbc47&Prime; use_background_color_gradient=\u00a0\u00bbon\u00a0\u00bb background_color_gradient_stops=\u00a0\u00bb#9dbc47 0%|#9bbc25 100%\u00a0\u00bb background_enable_pattern_style=\u00a0\u00bbon\u00a0\u00bb background_pattern_style=\u00a0\u00bbdiagonal-stripes\u00a0\u00bb background_pattern_size=\u00a0\u00bbcustom\u00a0\u00bb background_pattern_width=\u00a0\u00bb4503px\u00a0\u00bb background_pattern_height=\u00a0\u00bb2000px\u00a0\u00bb background_pattern_horizontal_offset=\u00a0\u00bb-8%\u00a0\u00bb custom_margin=\u00a0\u00bb||||false|false\u00a0\u00bb custom_padding=\u00a0\u00bb10px||10px||false|false\u00a0\u00bb global_colors_info=\u00a0\u00bb{}\u00a0\u00bb][et_pb_row _builder_version=\u00a0\u00bb4.18.0&Prime; _module_preset=\u00a0\u00bbdefault\u00a0\u00bb custom_margin=\u00a0\u00bb25px||25px||false|false\u00a0\u00bb custom_padding=\u00a0\u00bb0px||0px||false|false\u00a0\u00bb locked=\u00a0\u00bboff\u00a0\u00bb global_colors_info=\u00a0\u00bb{}\u00a0\u00bb][et_pb_column type=\u00a0\u00bb4_4&Prime; _builder_version=\u00a0\u00bb4.18.0&Prime; _module_preset=\u00a0\u00bbdefault\u00a0\u00bb global_colors_info=\u00a0\u00bb{}\u00a0\u00bb][et_pb_text _builder_version=\u00a0\u00bb4.18.0&Prime; _module_preset=\u00a0\u00bbdefault\u00a0\u00bb text_font=\u00a0\u00bbOpen Sans||||||||\u00a0\u00bb text_text_color=\u00a0\u00bb#FFFFFF\u00a0\u00bb text_orientation=\u00a0\u00bbcenter\u00a0\u00bb background_layout=\u00a0\u00bbdark\u00a0\u00bb custom_padding=\u00a0\u00bb|100px||100px|false|false\u00a0\u00bb custom_padding_tablet=\u00a0\u00bb|0px||0px|false|false\u00a0\u00bb custom_padding_phone=\u00a0\u00bb|0px||0px|false|false\u00a0\u00bb custom_padding_last_edited=\u00a0\u00bbon|phone\u00a0\u00bb locked=\u00a0\u00bboff\u00a0\u00bb global_colors_info=\u00a0\u00bb{}\u00a0\u00bb]<\/p>\n<h3>Nous offrons un service de conseil et de formation sur mesure pour diff\u00e9rents projets, entit\u00e9s ou institutions qui recherchent un lien avec la nature de leur environnement.<\/h3>\n<p>[\/et_pb_text][\/et_pb_column][\/et_pb_row][\/et_pb_section][et_pb_section fb_built=\u00a0\u00bb1&Prime; _builder_version=\u00a0\u00bb4.18.0&Prime; _module_preset=\u00a0\u00bbdefault\u00a0\u00bb background_color=\u00a0\u00bbRGBA(255,255,255,0)\u00a0\u00bb background_enable_image=\u00a0\u00bboff\u00a0\u00bb custom_margin=\u00a0\u00bb||||false|false\u00a0\u00bb custom_padding=\u00a0\u00bb0px||0px||false|false\u00a0\u00bb global_colors_info=\u00a0\u00bb{}\u00a0\u00bb][et_pb_row make_equal=\u00a0\u00bbon\u00a0\u00bb _builder_version=\u00a0\u00bb4.18.0&Prime; _module_preset=\u00a0\u00bbdefault\u00a0\u00bb global_colors_info=\u00a0\u00bb{}\u00a0\u00bb][et_pb_column type=\u00a0\u00bb4_4&Prime; _builder_version=\u00a0\u00bb4.18.0&Prime; _module_preset=\u00a0\u00bbdefault\u00a0\u00bb background_enable_image=\u00a0\u00bboff\u00a0\u00bb global_colors_info=\u00a0\u00bb{}\u00a0\u00bb][et_pb_text content_last_edited=\u00a0\u00bboff|desktop\u00a0\u00bb _builder_version=\u00a0\u00bb4.18.0&Prime; _module_preset=\u00a0\u00bbdefault\u00a0\u00bb text_font=\u00a0\u00bbOpen Sans||||||||\u00a0\u00bb text_text_color=\u00a0\u00bb#292929&Prime; text_font_size=\u00a0\u00bb15px\u00a0\u00bb header_font_size=\u00a0\u00bb40px\u00a0\u00bb custom_margin=\u00a0\u00bb||||false|false\u00a0\u00bb custom_margin_tablet=\u00a0\u00bb||||false|false\u00a0\u00bb custom_margin_phone=\u00a0\u00bb||||false|false\u00a0\u00bb custom_margin_last_edited=\u00a0\u00bbon|tablet\u00a0\u00bb custom_padding=\u00a0\u00bb20px||||false|false\u00a0\u00bb custom_padding_tablet=\u00a0\u00bb0px|50px||50px|false|false\u00a0\u00bb custom_padding_phone=\u00a0\u00bb0px|20px||20px|false|false\u00a0\u00bb custom_padding_last_edited=\u00a0\u00bbon|phone\u00a0\u00bb header_font_size_tablet=\u00a0\u00bb40px\u00a0\u00bb header_font_size_phone=\u00a0\u00bb35px\u00a0\u00bb header_font_size_last_edited=\u00a0\u00bbon|phone\u00a0\u00bb border_radii=\u00a0\u00bbon|3px|3px|3px|3px\u00a0\u00bb border_color_all=\u00a0\u00bb#000000&Prime; global_colors_info=\u00a0\u00bb{}\u00a0\u00bb background_color=\u00a0\u00bbRGBA(255,255,255,0)\u00a0\u00bb]<\/p>\n<h1 style=\"text-align: center;\"><strong>TOURISME<\/strong><strong><\/strong><\/h1>\n<p>[\/et_pb_text][et_pb_text _builder_version=\u00a0\u00bb4.19.4&Prime; _module_preset=\u00a0\u00bbdefault\u00a0\u00bb text_font=\u00a0\u00bb||||||||\u00a0\u00bb text_text_color=\u00a0\u00bb#474747&Prime; background_color=\u00a0\u00bbrgba(96,193,0,0.15)\u00a0\u00bb custom_margin=\u00a0\u00bb||||false|false\u00a0\u00bb custom_padding=\u00a0\u00bb20px|20px|10px|20px|false|true\u00a0\u00bb global_colors_info=\u00a0\u00bb{}\u00a0\u00bb]<\/p>\n<h3 style=\"text-align: center;\"><strong>Activit\u00e9s de guidage<\/strong><\/h3>\n<h3 style=\"text-align: center;\"><strong><\/strong><\/h3>\n<ul>\n<li style=\"text-align: justify;\">Analyse des \u00e9quipes de guides : individuels et collectifs<\/li>\n<li style=\"text-align: justify;\">Analyse des produits li\u00e9s au guidage : itin\u00e9raires, techniques d&rsquo;interpr\u00e9tation, utilisation de mat\u00e9riel d&rsquo;accompagnement, etc.<\/li>\n<li style=\"text-align: justify;\">Analyse des prestations hors guidage : transport, restauration, h\u00e9bergement, etc.<\/li>\n<li style=\"text-align: justify;\">Elaboration de rapports et propositions d&rsquo;am\u00e9lioration<\/li>\n<\/ul>\n<p style=\"text-align: justify;\">[\/et_pb_text][et_pb_text _builder_version=\u00a0\u00bb4.18.0&Prime; _module_preset=\u00a0\u00bbdefault\u00a0\u00bb text_font=\u00a0\u00bb||||||||\u00a0\u00bb text_text_color=\u00a0\u00bb#474747&Prime; background_color=\u00a0\u00bbrgba(96,193,0,0.15)\u00a0\u00bb custom_margin=\u00a0\u00bb||||false|false\u00a0\u00bb custom_padding=\u00a0\u00bb20px|20px|10px|20px|false|true\u00a0\u00bb global_colors_info=\u00a0\u00bb{}\u00a0\u00bb]<\/p>\n<h3 style=\"text-align: center;\"><strong>D\u00e9veloppement de produits touristiques<\/strong><\/h3>\n<p><strong> <\/strong><\/p>\n<ul>\n<li style=\"text-align: justify;\">Analyse du potentiel des ressources du territoire &#8211; naturelles et culturelles &#8211; li\u00e9es \u00e0 l&rsquo;activit\u00e9 d\u00e9velopp\u00e9e<\/li>\n<li style=\"text-align: justify;\">Analyse de la communication des activit\u00e9s<\/li>\n<li style=\"text-align: justify;\">Pr\u00e9paration et suivi des \u00e9quipes de guidage<\/li>\n<li style=\"text-align: justify;\">Conception de v\u00e9ritables activit\u00e9s touristiques en ad\u00e9quation avec le potentiel du territoire<\/li>\n<\/ul>\n<p>[\/et_pb_text][\/et_pb_column][\/et_pb_row][et_pb_row make_equal=\u00a0\u00bbon\u00a0\u00bb _builder_version=\u00a0\u00bb4.18.0&Prime; _module_preset=\u00a0\u00bbdefault\u00a0\u00bb global_colors_info=\u00a0\u00bb{}\u00a0\u00bb][et_pb_column type=\u00a0\u00bb4_4&Prime; _builder_version=\u00a0\u00bb4.18.0&Prime; _module_preset=\u00a0\u00bbdefault\u00a0\u00bb background_enable_image=\u00a0\u00bboff\u00a0\u00bb global_colors_info=\u00a0\u00bb{}\u00a0\u00bb][et_pb_text content_last_edited=\u00a0\u00bboff|desktop\u00a0\u00bb _builder_version=\u00a0\u00bb4.19.4&Prime; _module_preset=\u00a0\u00bbdefault\u00a0\u00bb text_font=\u00a0\u00bbOpen Sans||||||||\u00a0\u00bb text_text_color=\u00a0\u00bb#292929&Prime; text_font_size=\u00a0\u00bb15px\u00a0\u00bb header_font_size=\u00a0\u00bb40px\u00a0\u00bb custom_margin=\u00a0\u00bb||||false|false\u00a0\u00bb custom_margin_tablet=\u00a0\u00bb||||false|false\u00a0\u00bb custom_margin_phone=\u00a0\u00bb||||false|false\u00a0\u00bb custom_margin_last_edited=\u00a0\u00bbon|tablet\u00a0\u00bb custom_padding=\u00a0\u00bb20px||||false|false\u00a0\u00bb custom_padding_tablet=\u00a0\u00bb0px|50px||50px|false|false\u00a0\u00bb custom_padding_phone=\u00a0\u00bb0px|20px||20px|false|false\u00a0\u00bb custom_padding_last_edited=\u00a0\u00bbon|phone\u00a0\u00bb header_font_size_tablet=\u00a0\u00bb40px\u00a0\u00bb header_font_size_phone=\u00a0\u00bb35px\u00a0\u00bb header_font_size_last_edited=\u00a0\u00bbon|phone\u00a0\u00bb border_radii=\u00a0\u00bbon|3px|3px|3px|3px\u00a0\u00bb border_color_all=\u00a0\u00bb#000000&Prime; global_colors_info=\u00a0\u00bb{}\u00a0\u00bb background_color=\u00a0\u00bbRGBA(255,255,255,0)\u00a0\u00bb]<\/p>\n<h1 style=\"text-align: center;\"><strong>LA GASTRONOMIE<\/strong><\/h1>\n<p>[\/et_pb_text][et_pb_text _builder_version=\u00a0\u00bb4.18.0&Prime; _module_preset=\u00a0\u00bbdefault\u00a0\u00bb text_font=\u00a0\u00bb||||||||\u00a0\u00bb text_text_color=\u00a0\u00bb#474747&Prime; background_color=\u00a0\u00bbrgba(96,193,0,0.15)\u00a0\u00bb custom_margin=\u00a0\u00bb||||false|false\u00a0\u00bb custom_padding=\u00a0\u00bb20px|20px|10px|20px|false|true\u00a0\u00bb global_colors_info=\u00a0\u00bb{}\u00a0\u00bb]<\/p>\n<h3 style=\"text-align: center;\"><strong>Gastrobotanique : <\/strong><\/h3>\n<h3 style=\"text-align: center;\"><strong>Utilisation des ressources v\u00e9g\u00e9tales et fongiques sauvages appliqu\u00e9es \u00e0 la cuisine<\/strong><\/h3>\n<p>&nbsp;<\/p>\n<p><strong><\/strong><\/p>\n<p><strong>Comprend : <\/strong><\/p>\n<p><strong> <\/strong><\/p>\n<ul>\n<li style=\"text-align: justify;\">Analyse des ressources naturelles comestibles sauvages -l\u00e9gumes, algues, moisissures et champignons- de l&rsquo;environnement du projet pour leur application en cuisine : identification des esp\u00e8ces, analyse de leur potentiel d&rsquo;utilisation dans diff\u00e9rents types de cuisine (traditionnelle, moderne, cuisine d&rsquo;auteur, saine, aliments crus, etc.)<\/li>\n<li style=\"text-align: justify;\">Analyse des ressources naturelles comestibles sauvages -l\u00e9gumes, algues, moisissures et champignons- de l&rsquo;environnement du projet pour leur application \u00e0 la gastronomie liquide : boissons traditionnelles, nouvelles liqueurs, cocktails, etc.<\/li>\n<li style=\"text-align: justify;\">Collaboration \u00e0 la conception des menus, plats et pr\u00e9parations li\u00e9s au projet<\/li>\n<li style=\"text-align: justify;\">Conception d&rsquo;activit\u00e9s touristiques li\u00e9es \u00e0 des projets gastronomiques<\/li>\n<li style=\"text-align: justify;\">Conception de jardins et d&rsquo;espaces qui fournissent des ingr\u00e9dients d&rsquo;origine sauvage<\/li>\n<\/ul>\n<p>[\/et_pb_text][\/et_pb_column][\/et_pb_row][et_pb_row make_equal=\u00a0\u00bbon\u00a0\u00bb _builder_version=\u00a0\u00bb4.18.0&Prime; _module_preset=\u00a0\u00bbdefault\u00a0\u00bb global_colors_info=\u00a0\u00bb{}\u00a0\u00bb][et_pb_column type=\u00a0\u00bb4_4&Prime; _builder_version=\u00a0\u00bb4.18.0&Prime; _module_preset=\u00a0\u00bbdefault\u00a0\u00bb background_enable_image=\u00a0\u00bboff\u00a0\u00bb global_colors_info=\u00a0\u00bb{}\u00a0\u00bb][et_pb_text content_last_edited=\u00a0\u00bboff|desktop\u00a0\u00bb _builder_version=\u00a0\u00bb4.18.0&Prime; _module_preset=\u00a0\u00bbdefault\u00a0\u00bb text_font=\u00a0\u00bbOpen Sans||||||||\u00a0\u00bb text_text_color=\u00a0\u00bb#292929&Prime; text_font_size=\u00a0\u00bb15px\u00a0\u00bb header_font_size=\u00a0\u00bb40px\u00a0\u00bb custom_margin=\u00a0\u00bb||||false|false\u00a0\u00bb custom_margin_tablet=\u00a0\u00bb||||false|false\u00a0\u00bb custom_margin_phone=\u00a0\u00bb||||false|false\u00a0\u00bb custom_margin_last_edited=\u00a0\u00bbon|tablet\u00a0\u00bb custom_padding=\u00a0\u00bb20px||||false|false\u00a0\u00bb custom_padding_tablet=\u00a0\u00bb0px|50px||50px|false|false\u00a0\u00bb custom_padding_phone=\u00a0\u00bb0px|20px||20px|false|false\u00a0\u00bb custom_padding_last_edited=\u00a0\u00bbon|phone\u00a0\u00bb header_font_size_tablet=\u00a0\u00bb40px\u00a0\u00bb header_font_size_phone=\u00a0\u00bb35px\u00a0\u00bb header_font_size_last_edited=\u00a0\u00bbon|phone\u00a0\u00bb border_radii=\u00a0\u00bbon|3px|3px|3px|3px\u00a0\u00bb border_color_all=\u00a0\u00bb#000000&Prime; global_colors_info=\u00a0\u00bb{}\u00a0\u00bb background_color=\u00a0\u00bbRGBA(255,255,255,0)\u00a0\u00bb]<\/p>\n<h1 style=\"text-align: center;\"><strong>SANT\u00c9<\/strong><strong><\/strong><\/h1>\n<p>[\/et_pb_text][et_pb_text _builder_version=\u00a0\u00bb4.18.0&Prime; _module_preset=\u00a0\u00bbdefault\u00a0\u00bb text_font=\u00a0\u00bb||||||||\u00a0\u00bb text_text_color=\u00a0\u00bb#474747&Prime; background_color=\u00a0\u00bbrgba(96,193,0,0.15)\u00a0\u00bb custom_margin=\u00a0\u00bb||||false|false\u00a0\u00bb custom_padding=\u00a0\u00bb20px|20px|10px|20px|false|true\u00a0\u00bb global_colors_info=\u00a0\u00bb{}\u00a0\u00bb]<\/p>\n<h3 style=\"text-align: center;\"><strong>Bien-\u00eatre et sant\u00e9 par la Nature<\/strong><strong><\/strong><\/h3>\n<p>&nbsp;<\/p>\n<ul>\n<li style=\"text-align: justify;\">Analyse des ressources naturelles sauvages comestibles -l\u00e9gumes, algues, moisissures et champignons- de l&rsquo;environnement du projet pour leur application \u00e0 une cuisine saine : identification des esp\u00e8ces, analyse de leur potentiel d&rsquo;utilisation dans diff\u00e9rents types de cuisson solide et liquide<\/li>\n<li style=\"text-align: justify;\">Analyse des ressources naturelles comestibles sauvages -l\u00e9gumes, algues, moisissures et champignons- de l&rsquo;environnement du projet pour leur application \u00e0 leur usage curatif traditionnel et actuel<\/li>\n<li style=\"text-align: justify;\">Collaboration \u00e0 la conception de produits li\u00e9s \u00e0 la sant\u00e9 :<\/li>\n<li style=\"text-align: justify;\">Conception d&rsquo;activit\u00e9s touristiques li\u00e9es \u00e0 des projets de sant\u00e9<\/li>\n<li style=\"text-align: justify;\">Conception d&rsquo;espaces et de jardins qui fournissent des ingr\u00e9dients d&rsquo;origine sauvage pour une utilisation dans le domaine de la sant\u00e9<\/li>\n<\/ul>\n<p>[\/et_pb_text][\/et_pb_column][\/et_pb_row][\/et_pb_section]<\/p>\n","protected":false},"excerpt":{"rendered":"<p>Nous offrons un service de conseil et de formation sur mesure pour diff\u00e9rents projets, entit\u00e9s ou institutions qui recherchent un lien avec la nature de leur environnement.TOURISMEActivit\u00e9s de guidage Analyse des \u00e9quipes de guides : individuels et collectifs Analyse des produits li\u00e9s au guidage : itin\u00e9raires, techniques d&rsquo;interpr\u00e9tation, utilisation de mat\u00e9riel d&rsquo;accompagnement, etc. Analyse des [&hellip;]<\/p>\n","protected":false},"author":1,"featured_media":0,"parent":0,"menu_order":19,"comment_status":"closed","ping_status":"closed","template":"","meta":{"_et_pb_use_builder":"on","_et_pb_old_content":"","_et_gb_content_width":"","footnotes":""},"class_list":["post-4569","page","type-page","status-publish","hentry"],"aioseo_notices":[],"_links":{"self":[{"href":"https:\/\/naturalwalks.com\/fr\/wp-json\/wp\/v2\/pages\/4569","targetHints":{"allow":["GET"]}}],"collection":[{"href":"https:\/\/naturalwalks.com\/fr\/wp-json\/wp\/v2\/pages"}],"about":[{"href":"https:\/\/naturalwalks.com\/fr\/wp-json\/wp\/v2\/types\/page"}],"author":[{"embeddable":true,"href":"https:\/\/naturalwalks.com\/fr\/wp-json\/wp\/v2\/users\/1"}],"replies":[{"embeddable":true,"href":"https:\/\/naturalwalks.com\/fr\/wp-json\/wp\/v2\/comments?post=4569"}],"version-history":[{"count":5,"href":"https:\/\/naturalwalks.com\/fr\/wp-json\/wp\/v2\/pages\/4569\/revisions"}],"predecessor-version":[{"id":4703,"href":"https:\/\/naturalwalks.com\/fr\/wp-json\/wp\/v2\/pages\/4569\/revisions\/4703"}],"wp:attachment":[{"href":"https:\/\/naturalwalks.com\/fr\/wp-json\/wp\/v2\/media?parent=4569"}],"curies":[{"name":"wp","href":"https:\/\/api.w.org\/{rel}","templated":true}]}}