{"id":4578,"date":"2022-09-24T13:06:14","date_gmt":"2022-09-24T12:06:14","guid":{"rendered":"https:\/\/naturalwalks.com\/politique-de-confidentialite\/"},"modified":"2023-06-22T12:07:01","modified_gmt":"2023-06-22T11:07:01","slug":"politique-de-confidentialite","status":"publish","type":"page","link":"https:\/\/naturalwalks.com\/fr\/politique-de-confidentialite\/","title":{"rendered":"Politique de confidentialit\u00e9"},"content":{"rendered":"<p>[et_pb_section fb_built=\u00a0\u00bb1&Prime; _builder_version=\u00a0\u00bb4.18.0&Prime; _module_preset=\u00a0\u00bbdefault\u00a0\u00bb background_color=\u00a0\u00bb#9dbc47&Prime; use_background_color_gradient=\u00a0\u00bbon\u00a0\u00bb background_color_gradient_stops=\u00a0\u00bb#9dbc47 0%|#9bbc25 100%\u00a0\u00bb background_enable_pattern_style=\u00a0\u00bbon\u00a0\u00bb background_pattern_style=\u00a0\u00bbdiagonal-stripes\u00a0\u00bb background_pattern_size=\u00a0\u00bbcustom\u00a0\u00bb background_pattern_width=\u00a0\u00bb4503px\u00a0\u00bb background_pattern_height=\u00a0\u00bb2000px\u00a0\u00bb background_pattern_horizontal_offset=\u00a0\u00bb-8%\u00a0\u00bb custom_margin=\u00a0\u00bb||||false|false\u00a0\u00bb custom_padding=\u00a0\u00bb10px||10px||false|false\u00a0\u00bb global_colors_info=\u00a0\u00bb{}\u00a0\u00bb][et_pb_row _builder_version=\u00a0\u00bb4.18.0&Prime; _module_preset=\u00a0\u00bbdefault\u00a0\u00bb custom_margin=\u00a0\u00bb25px||25px||false|false\u00a0\u00bb custom_padding=\u00a0\u00bb0px||0px||false|false\u00a0\u00bb locked=\u00a0\u00bboff\u00a0\u00bb global_colors_info=\u00a0\u00bb{}\u00a0\u00bb][et_pb_column type=\u00a0\u00bb4_4&Prime; _builder_version=\u00a0\u00bb4.18.0&Prime; _module_preset=\u00a0\u00bbdefault\u00a0\u00bb global_colors_info=\u00a0\u00bb{}\u00a0\u00bb][et_pb_text _builder_version=\u00a0\u00bb4.18.0&Prime; _module_preset=\u00a0\u00bbdefault\u00a0\u00bb text_font=\u00a0\u00bbOpen Sans||||||||\u00a0\u00bb text_text_color=\u00a0\u00bb#FFFFFF\u00a0\u00bb text_orientation=\u00a0\u00bbcenter\u00a0\u00bb background_layout=\u00a0\u00bbdark\u00a0\u00bb custom_padding=\u00a0\u00bb|100px||100px|false|false\u00a0\u00bb custom_padding_tablet=\u00a0\u00bb|0px||0px|false|false\u00a0\u00bb custom_padding_phone=\u00a0\u00bb|0px||0px|false|false\u00a0\u00bb custom_padding_last_edited=\u00a0\u00bbon|phone\u00a0\u00bb locked=\u00a0\u00bboff\u00a0\u00bb global_colors_info=\u00a0\u00bb{}\u00a0\u00bb]<\/p>\n<h3>Politique de confidentialit\u00e9<\/h3>\n<p>[\/et_pb_text][\/et_pb_column][\/et_pb_row][\/et_pb_section][et_pb_section fb_built=\u00a0\u00bb1&Prime; _builder_version=\u00a0\u00bb4.18.0&Prime; _module_preset=\u00a0\u00bbdefault\u00a0\u00bb global_colors_info=\u00a0\u00bb{}\u00a0\u00bb][et_pb_row _builder_version=\u00a0\u00bb4.18.0&Prime; _module_preset=\u00a0\u00bbdefault\u00a0\u00bb global_colors_info=\u00a0\u00bb{}\u00a0\u00bb][et_pb_column type=\u00a0\u00bb4_4&Prime; _builder_version=\u00a0\u00bb4.18.0&Prime; _module_preset=\u00a0\u00bbdefault\u00a0\u00bb global_colors_info=\u00a0\u00bb{}\u00a0\u00bb][et_pb_text _builder_version=\u00a0\u00bb4.18.0&Prime; _module_preset=\u00a0\u00bbdefault\u00a0\u00bb text_text_color=\u00a0\u00bb#242424&Prime; hover_enabled=\u00a0\u00bb0&Prime; global_colors_info=\u00a0\u00bb{}\u00a0\u00bb sticky_enabled=\u00a0\u00bb0&Prime;]<\/p>\n<p style=\"text-align: justify;\"><span>POLITIQUE DE CONFIDENTIALIT\u00c9<\/span><\/p>\n<ol style=\"text-align: justify;\">\n<li><strong> INFORMATIONS \u00c0 L&rsquo;UTILISATEUR<\/strong><\/li>\n<\/ol>\n<p style=\"text-align: justify;\"><span>Dans cette politique de confidentialit\u00e9, nous d\u00e9crivons comment nous collectons vos donn\u00e9es personnelles et pourquoi nous les collectons, ce que nous en faisons, avec qui nous les partageons, comment nous les prot\u00e9geons et vos choix concernant le traitement de vos donn\u00e9es personnelles.<\/span><\/p>\n<p style=\"text-align: justify;\"><span>Cette politique s&rsquo;applique au traitement de vos donn\u00e9es personnelles collect\u00e9es par la soci\u00e9t\u00e9 pour la fourniture de ses services. Si vous acceptez les mesures de cette politique, vous acceptez que nous traitions vos donn\u00e9es personnelles comme d\u00e9fini dans cette politique.<\/span><\/p>\n<ol style=\"text-align: justify;\" start=\"2\">\n<li><strong> CONTACT<\/strong><\/li>\n<\/ol>\n<p style=\"text-align: justify;\"><span>Raison sociale : Evarist March Sarlat<\/span><\/p>\n<p style=\"text-align: justify;\"><span>Nom commercial : Naturalwalks<\/span><\/p>\n<p style=\"text-align: justify;\"><span>CIF: 77606280 W<\/span><\/p>\n<p style=\"text-align: justify;\"><span>Domicile : Barcelone, Espagne<\/span><\/p>\n<p style=\"text-align: justify;\"><span>e-mail: evarist@naturalwalks.com<\/span><\/p>\n<p style=\"text-align: justify;\"><strong> <\/strong><\/p>\n<ol style=\"text-align: justify;\" start=\"3\">\n<li><strong> LES PRINCIPES CL\u00c9S<\/strong><\/li>\n<\/ol>\n<p style=\"text-align: justify;\"><span>Nous nous sommes toujours engag\u00e9s \u00e0 fournir nos services avec le plus haut degr\u00e9 de qualit\u00e9, ce qui inclut le traitement de vos donn\u00e9es de mani\u00e8re s\u00e9curis\u00e9e et transparente. Nos principes sont :<\/span><\/p>\n<ul style=\"text-align: justify;\">\n<li><span> Lic\u00e9it\u00e9 : Nous ne collecterons vos Donn\u00e9es Personnelles qu&rsquo;\u00e0 des fins sp\u00e9cifiques, explicites et l\u00e9gitimes.<\/span><\/li>\n<li><span> Minimisation des donn\u00e9es : Nous limitons la collecte des donn\u00e9es personnelles \u00e0 ce qui est strictement pertinent et n\u00e9cessaire aux fins pour lesquelles elles ont \u00e9t\u00e9 collect\u00e9es.<\/span><\/li>\n<li><span> Limitation de la finalit\u00e9 : Nous ne collecterons vos donn\u00e9es personnelles qu&rsquo;aux fins indiqu\u00e9es et uniquement selon vos souhaits.<\/span><\/li>\n<li><span> Exactitude : Nous garderons vos donn\u00e9es personnelles exactes et \u00e0 jour.<\/span><\/li>\n<li><span> S\u00e9curit\u00e9 des donn\u00e9es : nous appliquons des mesures techniques et organisationnelles appropri\u00e9es et proportionn\u00e9es aux risques pour garantir que vos donn\u00e9es ne subissent pas de dommages, tels que la divulgation ou l&rsquo;acc\u00e8s non autoris\u00e9, la destruction accidentelle ou illicite ou la perte ou l&rsquo;alt\u00e9ration accidentelle et toute autre forme de traitement illicite.<\/span><\/li>\n<li><span> Acc\u00e8s et rectification : Nous avons des moyens pour vous d&rsquo;acc\u00e9der ou de rectifier vos donn\u00e9es lorsque vous le jugez appropri\u00e9.<\/span><\/li>\n<li><span> Conservation : Nous conservons vos donn\u00e9es personnelles de mani\u00e8re licite et appropri\u00e9e et uniquement aussi longtemps que n\u00e9cessaire aux fins pour lesquelles elles ont \u00e9t\u00e9 collect\u00e9es.<\/span><\/li>\n<li><span> Transferts internationaux : dans le cas o\u00f9 vos donn\u00e9es sont transf\u00e9r\u00e9es en dehors de l&rsquo;UE\/EEE, elles seront prot\u00e9g\u00e9es de mani\u00e8re ad\u00e9quate.<\/span><\/li>\n<li><span> Tiers : L&rsquo;acc\u00e8s et le transfert des donn\u00e9es personnelles \u00e0 des tiers s&rsquo;effectuent dans le respect des lois et r\u00e8glements applicables et avec les garanties contractuelles appropri\u00e9es.<\/span><\/li>\n<li><span> Marketing direct et cookies : Nous respectons la l\u00e9gislation applicable en mati\u00e8re de publicit\u00e9 et de cookies.<\/span><\/li>\n<\/ul>\n<ol style=\"text-align: justify;\" start=\"4\">\n<li><strong> COLLECTE ET TRAITEMENT DE VOS DONNEES PERSONNELLES<\/strong><\/li>\n<\/ol>\n<p style=\"text-align: justify;\"><span>Les types de donn\u00e9es qui peuvent \u00eatre demand\u00e9es et trait\u00e9es sont :<\/span><\/p>\n<ul style=\"text-align: justify;\">\n<li><span> Donn\u00e9es d&rsquo;identification.<\/span><\/li>\n<\/ul>\n<p style=\"text-align: justify;\"><span>Nous collectons \u00e9galement automatiquement des donn\u00e9es sur votre visite sur notre site Web, comme d\u00e9crit dans la politique relative aux cookies.<\/span><\/p>\n<p style=\"text-align: justify;\"><span>Chaque fois que nous demanderons vos donn\u00e9es personnelles, nous vous informerons clairement des donn\u00e9es personnelles que nous collectons et dans quel but. De mani\u00e8re g\u00e9n\u00e9rale, nous collectons et traitons vos donn\u00e9es personnelles dans le but de :<\/span><\/p>\n<ul style=\"text-align: justify;\">\n<li><span> Fournir des informations, des services, des produits et des informations pertinents.<\/span><\/li>\n<li><span> Envoi de communications.<\/span><\/li>\n<\/ul>\n<ol style=\"text-align: justify;\" start=\"5\">\n<li><strong> L\u00c9GITIMIT\u00c9<\/strong><\/li>\n<\/ol>\n<p style=\"text-align: justify;\"><span>Conform\u00e9ment \u00e0 la r\u00e9glementation applicable en mati\u00e8re de protection des donn\u00e9es, vos donn\u00e9es personnelles peuvent \u00eatre trait\u00e9es \u00e0 condition que :<\/span><\/p>\n<ul style=\"text-align: justify;\">\n<li><span> Vous nous avez donn\u00e9 votre consentement aux fins du traitement. Bien entendu, vous pouvez retirer votre consentement \u00e0 tout moment.<\/span><\/li>\n<li><span> Par obligation l\u00e9gale.<\/span><\/li>\n<li><span> Pour l&rsquo;existence d&rsquo;un int\u00e9r\u00eat l\u00e9gitime non mis en cause par votre droit \u00e0 la vie priv\u00e9e, tel que l&rsquo;envoi d&rsquo;informations commerciales soit par l&rsquo;inscription \u00e0 notre newsletter, soit par votre qualit\u00e9 de client.<\/span><\/li>\n<li><span> \u00catre n\u00e9cessaire \u00e0 la fourniture de l&rsquo;un de nos services par le biais d&rsquo;une relation contractuelle entre vous et nous.<\/span><\/li>\n<\/ul>\n<ol style=\"text-align: justify;\" start=\"6\">\n<li><strong> COMMUNICATION DES DONNEES PERSONNELLES<\/strong><\/li>\n<\/ol>\n<p style=\"text-align: justify;\"><span>Les donn\u00e9es peuvent \u00eatre communiqu\u00e9es \u00e0 des soci\u00e9t\u00e9s li\u00e9es \u00e0 Naturalwalks pour la fourniture de divers services en tant que sous-traitants. La soci\u00e9t\u00e9 ne proc\u00e9dera \u00e0 aucune cession, sauf obligation l\u00e9gale.<\/span><\/p>\n<ol style=\"text-align: justify;\" start=\"7\">\n<li><strong> TES DROITS<\/strong><\/li>\n<\/ol>\n<p style=\"text-align: justify;\"><span>Dans le cadre de la collecte et du traitement de vos donn\u00e9es personnelles, vous pouvez nous contacter \u00e0 tout moment pour :<\/span><\/p>\n<ul style=\"text-align: justify;\">\n<li><span> Acc\u00e9dez \u00e0 vos donn\u00e9es personnelles et \u00e0 toute autre information indiqu\u00e9e \u00e0 l&rsquo;article 15.1 du RGPD.<\/span><\/li>\n<li><span> Rectifier les donn\u00e9es personnelles inexactes ou incompl\u00e8tes conform\u00e9ment \u00e0 l&rsquo;article 16 du RGPD.<\/span><\/li>\n<li><span> Supprimer vos donn\u00e9es personnelles conform\u00e9ment \u00e0 l&rsquo;article 17 du RGPD.<\/span><\/li>\n<li><span> Limiter le traitement de vos donn\u00e9es personnelles conform\u00e9ment \u00e0 l&rsquo;article 18 du RGPD.<\/span><\/li>\n<li><span> Demander la portabilit\u00e9 de vos donn\u00e9es conform\u00e9ment \u00e0 l&rsquo;article 20 du RGPD.<\/span><\/li>\n<li><span> Vous opposer au traitement de vos donn\u00e9es personnelles conform\u00e9ment \u00e0 l&rsquo;article 21 du RGPD.<\/span><\/li>\n<\/ul>\n<p style=\"text-align: justify;\"><span>Si vous avez donn\u00e9 votre consentement dans un but pr\u00e9cis, vous avez le droit de retirer le consentement donn\u00e9 \u00e0 tout moment, sans que cela n&rsquo;affecte la lic\u00e9it\u00e9 du traitement fond\u00e9 sur le consentement pr\u00e9alable \u00e0 son retrait.<\/span><\/p>\n<p style=\"text-align: justify;\"><span>Vous pouvez exercer ces droits en envoyant une communication, motiv\u00e9e et accr\u00e9dit\u00e9e, \u00e0 info@naturalwalks.com<\/span><\/p>\n<p style=\"text-align: justify;\"><span>Vous avez \u00e9galement le droit de d\u00e9poser une r\u00e9clamation aupr\u00e8s de l&rsquo;Autorit\u00e9 de contr\u00f4le comp\u00e9tente si vous consid\u00e9rez que le consentement n&rsquo;est pas conforme \u00e0 la r\u00e9glementation en vigueur.<\/span><\/p>\n<ol style=\"text-align: justify;\" start=\"8\">\n<li><strong> INFORMATION L\u00c9GALE<\/strong><\/li>\n<\/ol>\n<p style=\"text-align: justify;\"><span>Les exigences de la pr\u00e9sente politique compl\u00e8tent, et ne remplacent pas, toute autre exigence existante en vertu de la loi applicable sur la protection des donn\u00e9es, qui pr\u00e9vaudra dans tous les cas.<\/span><\/p>\n<p style=\"text-align: justify;\"><span>Cette Politique est sujette \u00e0 r\u00e9vision p\u00e9riodique et peut \u00eatre modifi\u00e9e par la Soci\u00e9t\u00e9 \u00e0 tout moment. Lorsque cela se produit, nous vous informerons de tout changement et vous demanderons de relire la version la plus r\u00e9cente de notre politique et de confirmer votre acceptation de celle-ci.<\/span><\/p>\n<p>[\/et_pb_text][\/et_pb_column][\/et_pb_row][\/et_pb_section]<\/p>\n","protected":false},"excerpt":{"rendered":"<p>Politique de confidentialit\u00e9POLITIQUE DE CONFIDENTIALIT\u00c9 INFORMATIONS \u00c0 L&rsquo;UTILISATEUR Dans cette politique de confidentialit\u00e9, nous d\u00e9crivons comment nous collectons vos donn\u00e9es personnelles et pourquoi nous les collectons, ce que nous en faisons, avec qui nous les partageons, comment nous les prot\u00e9geons et vos choix concernant le traitement de vos donn\u00e9es personnelles. Cette politique s&rsquo;applique au traitement [&hellip;]<\/p>\n","protected":false},"author":1,"featured_media":0,"parent":0,"menu_order":21,"comment_status":"closed","ping_status":"open","template":"","meta":{"_et_pb_use_builder":"on","_et_pb_old_content":"","_et_gb_content_width":"","footnotes":""},"class_list":["post-4578","page","type-page","status-publish","hentry"],"aioseo_notices":[],"_links":{"self":[{"href":"https:\/\/naturalwalks.com\/fr\/wp-json\/wp\/v2\/pages\/4578","targetHints":{"allow":["GET"]}}],"collection":[{"href":"https:\/\/naturalwalks.com\/fr\/wp-json\/wp\/v2\/pages"}],"about":[{"href":"https:\/\/naturalwalks.com\/fr\/wp-json\/wp\/v2\/types\/page"}],"author":[{"embeddable":true,"href":"https:\/\/naturalwalks.com\/fr\/wp-json\/wp\/v2\/users\/1"}],"replies":[{"embeddable":true,"href":"https:\/\/naturalwalks.com\/fr\/wp-json\/wp\/v2\/comments?post=4578"}],"version-history":[{"count":2,"href":"https:\/\/naturalwalks.com\/fr\/wp-json\/wp\/v2\/pages\/4578\/revisions"}],"predecessor-version":[{"id":4580,"href":"https:\/\/naturalwalks.com\/fr\/wp-json\/wp\/v2\/pages\/4578\/revisions\/4580"}],"wp:attachment":[{"href":"https:\/\/naturalwalks.com\/fr\/wp-json\/wp\/v2\/media?parent=4578"}],"curies":[{"name":"wp","href":"https:\/\/api.w.org\/{rel}","templated":true}]}}