{"id":4584,"date":"2023-01-14T20:32:46","date_gmt":"2023-01-14T19:32:46","guid":{"rendered":"https:\/\/naturalwalks.com\/politique-de-cookies\/"},"modified":"2023-06-22T13:54:41","modified_gmt":"2023-06-22T12:54:41","slug":"politique-de-cookies","status":"publish","type":"page","link":"https:\/\/naturalwalks.com\/fr\/politique-de-cookies\/","title":{"rendered":"Politique de cookies"},"content":{"rendered":"<p>[et_pb_section fb_built=\u00a0\u00bb1&Prime; _builder_version=\u00a0\u00bb4.18.0&Prime; _module_preset=\u00a0\u00bbdefault\u00a0\u00bb background_color=\u00a0\u00bb#9dbc47&Prime; use_background_color_gradient=\u00a0\u00bbon\u00a0\u00bb background_color_gradient_stops=\u00a0\u00bb#9dbc47 0%|#9bbc25 100%\u00a0\u00bb background_enable_pattern_style=\u00a0\u00bbon\u00a0\u00bb background_pattern_style=\u00a0\u00bbdiagonal-stripes\u00a0\u00bb background_pattern_size=\u00a0\u00bbcustom\u00a0\u00bb background_pattern_width=\u00a0\u00bb4503px\u00a0\u00bb background_pattern_height=\u00a0\u00bb2000px\u00a0\u00bb background_pattern_horizontal_offset=\u00a0\u00bb-8%\u00a0\u00bb custom_margin=\u00a0\u00bb||||false|false\u00a0\u00bb custom_padding=\u00a0\u00bb10px||10px||false|false\u00a0\u00bb global_colors_info=\u00a0\u00bb{}\u00a0\u00bb][et_pb_row _builder_version=\u00a0\u00bb4.18.0&Prime; _module_preset=\u00a0\u00bbdefault\u00a0\u00bb custom_margin=\u00a0\u00bb25px||25px||false|false\u00a0\u00bb custom_padding=\u00a0\u00bb0px||0px||false|false\u00a0\u00bb locked=\u00a0\u00bboff\u00a0\u00bb global_colors_info=\u00a0\u00bb{}\u00a0\u00bb][et_pb_column type=\u00a0\u00bb4_4&Prime; _builder_version=\u00a0\u00bb4.18.0&Prime; _module_preset=\u00a0\u00bbdefault\u00a0\u00bb global_colors_info=\u00a0\u00bb{}\u00a0\u00bb][et_pb_text _builder_version=\u00a0\u00bb4.18.0&Prime; _module_preset=\u00a0\u00bbdefault\u00a0\u00bb text_font=\u00a0\u00bbOpen Sans||||||||\u00a0\u00bb text_text_color=\u00a0\u00bb#FFFFFF\u00a0\u00bb text_orientation=\u00a0\u00bbcenter\u00a0\u00bb background_layout=\u00a0\u00bbdark\u00a0\u00bb custom_padding=\u00a0\u00bb|100px||100px|false|false\u00a0\u00bb custom_padding_tablet=\u00a0\u00bb|0px||0px|false|false\u00a0\u00bb custom_padding_phone=\u00a0\u00bb|0px||0px|false|false\u00a0\u00bb custom_padding_last_edited=\u00a0\u00bbon|phone\u00a0\u00bb locked=\u00a0\u00bboff\u00a0\u00bb global_colors_info=\u00a0\u00bb{}\u00a0\u00bb]<\/p>\n<h3>Politique de cookies<\/h3>\n<p>[\/et_pb_text][\/et_pb_column][\/et_pb_row][\/et_pb_section][et_pb_section fb_built=\u00a0\u00bb1&Prime; _builder_version=\u00a0\u00bb4.18.0&Prime; _module_preset=\u00a0\u00bbdefault\u00a0\u00bb global_colors_info=\u00a0\u00bb{}\u00a0\u00bb][et_pb_row _builder_version=\u00a0\u00bb4.18.0&Prime; _module_preset=\u00a0\u00bbdefault\u00a0\u00bb global_colors_info=\u00a0\u00bb{}\u00a0\u00bb][et_pb_column type=\u00a0\u00bb4_4&Prime; _builder_version=\u00a0\u00bb4.18.0&Prime; _module_preset=\u00a0\u00bbdefault\u00a0\u00bb global_colors_info=\u00a0\u00bb{}\u00a0\u00bb][et_pb_text _builder_version=\u00a0\u00bb4.18.0&Prime; _module_preset=\u00a0\u00bbdefault\u00a0\u00bb text_text_color=\u00a0\u00bb#242424&Prime; global_colors_info=\u00a0\u00bb{}\u00a0\u00bb theme_builder_area=\u00a0\u00bbpost_content\u00a0\u00bb]<\/p>\n<p style=\"text-align: justify;\"><strong><span>Informations g\u00e9n\u00e9rales<\/span><\/strong><\/p>\n<p style=\"text-align: justify;\"><span>En raison de l&rsquo;entr\u00e9e en vigueur de la modification pertinente de la loi sur les services de la soci\u00e9t\u00e9 de l&rsquo;information (LSSICE) \u00e9tablie par le d\u00e9cret royal 13\/2012, il est obligatoire d&rsquo;obtenir le consentement expr\u00e8s de l&rsquo;utilisateur de toutes les pages Web qui utilisent des cookies durables, avant de naviguer. \u00e0 travers eux.<\/span><\/p>\n<p style=\"text-align: justify;\"><strong><span>Que sont les cookies ?<\/span><\/strong><\/p>\n<p style=\"text-align: justify;\"><span>Les cookies et autres technologies similaires telles que les objets partag\u00e9s locaux, les cookies flash ou les pixels, sont des outils utilis\u00e9s par les serveurs Web pour stocker et r\u00e9cup\u00e9rer des informations sur leurs visiteurs, ainsi que pour offrir le bon fonctionnement du site.<\/span><\/p>\n<p style=\"text-align: justify;\"><span>Gr\u00e2ce \u00e0 l&rsquo;utilisation de ces dispositifs, le serveur Web est autoris\u00e9 \u00e0 m\u00e9moriser certaines donn\u00e9es concernant l&rsquo;utilisateur, telles que ses pr\u00e9f\u00e9rences pour la visualisation des pages de ce serveur, son nom et son mot de passe, les produits qui l&rsquo;int\u00e9ressent le plus, etc.<\/span><\/p>\n<p style=\"text-align: justify;\"><strong><span>Cookies concern\u00e9s par la r\u00e9glementation et cookies exclus<\/span><\/strong><\/p>\n<p style=\"text-align: justify;\"><span>Selon la directive europ\u00e9enne, les cookies qui n\u00e9cessitent le consentement \u00e9clair\u00e9 de l&rsquo;utilisateur sont les cookies d&rsquo;analyse et les cookies publicitaires et d&rsquo;affiliation, \u00e0 l&rsquo;exception de ceux \u00e0 caract\u00e8re technique et de ceux n\u00e9cessaires au fonctionnement du site ou \u00e0 la fourniture des services express\u00e9ment demand\u00e9s. par l&rsquo;utilisateur.<\/span><\/p>\n<p style=\"text-align: justify;\"><strong><span>Quels types de cookies existe-t-il ?<\/span><\/strong><\/p>\n<p style=\"text-align: justify;\"><span>Selon la propri\u00e9t\u00e9<\/span><\/p>\n<ul style=\"text-align: justify;\">\n<li><span> Cookies propres : Ce sont ceux qui sont envoy\u00e9s \u00e0 l&rsquo;\u00e9quipement terminal de l&rsquo;utilisateur \u00e0 partir d&rsquo;un ordinateur ou d&rsquo;un domaine g\u00e9r\u00e9 par l&rsquo;\u00e9diteur lui-m\u00eame et \u00e0 partir duquel le service demand\u00e9 par l&rsquo;utilisateur est fourni.<\/span><\/li>\n<li><span> Cookies tiers : ce sont ceux qui sont envoy\u00e9s \u00e0 l&rsquo;\u00e9quipement terminal de l&rsquo;utilisateur depuis un ordinateur ou un domaine qui n&rsquo;est pas g\u00e9r\u00e9 par l&rsquo;\u00e9diteur, mais par une autre entit\u00e9 qui traite les donn\u00e9es obtenues gr\u00e2ce aux cookies.<\/span><\/li>\n<\/ul>\n<p style=\"text-align: justify;\"><span>Selon la dur\u00e9e<\/span><\/p>\n<ul style=\"text-align: justify;\">\n<li><span> Cookies de session : Il s&rsquo;agit d&rsquo;un type de cookie con\u00e7u pour demander et stocker des donn\u00e9es pendant que l&rsquo;utilisateur acc\u00e8de \u00e0 une page Web.<\/span><\/li>\n<li><span> Cookies persistants : Il s&rsquo;agit d&rsquo;un type de cookie dans lequel les donn\u00e9es sont toujours stock\u00e9es sur le terminal et peuvent \u00eatre consult\u00e9es et trait\u00e9es pendant une p\u00e9riode d\u00e9finie par la personne responsable du cookie, qui peut aller de quelques minutes \u00e0 plusieurs ann\u00e9es.<\/span><\/li>\n<\/ul>\n<p style=\"text-align: justify;\"><span>Selon la fonctionnalit\u00e9<\/span><\/p>\n<ul style=\"text-align: justify;\">\n<li><span> Cookies n\u00e9cessaires : ils sont indispensables au bon fonctionnement du site. Ils ne collectent aucun type de donn\u00e9es utilisateur et collectent des informations telles que la pr\u00e9f\u00e9rence linguistique, si la politique en mati\u00e8re de cookies a \u00e9t\u00e9 accept\u00e9e, etc.<\/span><\/li>\n<li><span> Cookies d&rsquo;analyse : Ce sont ceux qui, correctement trait\u00e9s par nous ou par des tiers, nous permettent de quantifier le nombre d&rsquo;utilisateurs et ainsi de mesurer et d&rsquo;analyser l&rsquo;utilisation faite par les utilisateurs du service propos\u00e9. C&rsquo;est pourquoi votre navigation sur notre site est analys\u00e9e afin d&rsquo;am\u00e9liorer la gamme de produits ou services que nous vous proposons.<\/span><\/li>\n<li><span> Cookies publicitaires ou marketing : Ce sont ceux qui permettent la gestion, de la mani\u00e8re la plus efficace possible, des espaces publicitaires que, le cas \u00e9ch\u00e9ant, l&rsquo;\u00e9diteur a inclus dans une page web, une application ou une plateforme \u00e0 partir de laquelle le service est fourni. sur des crit\u00e8res tels que le contenu modifi\u00e9 ou la fr\u00e9quence d&rsquo;affichage des annonces.<\/span><\/li>\n<li><span> Cookies de publicit\u00e9 comportementale ou de marketing personnalis\u00e9 : ce sont ceux qui permettent la gestion, de la mani\u00e8re la plus efficace possible, des espaces publicitaires que, le cas \u00e9ch\u00e9ant, l&rsquo;\u00e9diteur a inclus dans une page Web, une application ou une plateforme \u00e0 partir de laquelle il fournit le service demand\u00e9. . Ces cookies stockent des informations sur le comportement des utilisateurs obtenues gr\u00e2ce \u00e0 l&rsquo;observation continue de leurs habitudes de navigation, ce qui permet de d\u00e9velopper un profil sp\u00e9cifique pour afficher des publicit\u00e9s bas\u00e9es sur celui-ci. Il est \u00e9galement possible que lorsque vous visitez une page Web ou lorsque vous ouvrez un e-mail o\u00f9 une publicit\u00e9 ou une promotion sur nos produits ou services est publi\u00e9e, un cookie soit install\u00e9 dans votre navigateur qui nous sert \u00e0 vous montrer ult\u00e9rieurement des publicit\u00e9s li\u00e9es \u00e0 la recherche. que vous avez faites, d\u00e9velopper un contr\u00f4le de nos publicit\u00e9s par rapport, par exemple, au nombre de fois qu&rsquo;elles sont vues, o\u00f9 elles apparaissent, \u00e0 quelle heure elles sont vues, etc.<\/span><\/li>\n<\/ul>\n<p style=\"text-align: justify;\"><strong><span>R\u00e9vocation du consentement \u00e0 l&rsquo;installation de cookies<\/span><\/strong><\/p>\n<p style=\"text-align: justify;\"><span>Comment supprimer les cookies du navigateur.<\/span><\/p>\n<ul style=\"text-align: justify;\">\n<li><span> Chrome: https:\/\/support.google.com\/chrome\/answer\/95647<\/span><\/li>\n<li><span> Internet Explorer: https:\/\/support.microsoft.com\/es-es\/help\/17442\/windows-internet-explorer-delete-manage-cookies<\/span><\/li>\n<li><span> Firefox: https:\/\/support.mozilla.org\/es\/kb\/habilitar-y-deshabilitar-cookies-sitios-web-rastrear-preferencias<\/span><\/li>\n<li><span> Safari: https:\/\/support.apple.com\/es-es\/guide\/safari\/sfri11471\/mac<\/span><\/li>\n<li><span> Opera: https:\/\/www.opera.com\/help\/tutorials\/security\/privacy\/<\/span><\/li>\n<\/ul>\n<p style=\"text-align: justify;\"><span>S&rsquo;il n&rsquo;est pas r\u00e9pertori\u00e9, consultez la documentation du navigateur que vous avez install\u00e9 pour bloquer, supprimer ou autoriser le t\u00e9l\u00e9chargement de Cookies<\/span><\/p>\n<p>[\/et_pb_text][\/et_pb_column][\/et_pb_row][\/et_pb_section]<\/p>\n","protected":false},"excerpt":{"rendered":"<p>Politique de cookiesInformations g\u00e9n\u00e9rales En raison de l&rsquo;entr\u00e9e en vigueur de la modification pertinente de la loi sur les services de la soci\u00e9t\u00e9 de l&rsquo;information (LSSICE) \u00e9tablie par le d\u00e9cret royal 13\/2012, il est obligatoire d&rsquo;obtenir le consentement expr\u00e8s de l&rsquo;utilisateur de toutes les pages Web qui utilisent des cookies durables, avant de naviguer. \u00e0 [&hellip;]<\/p>\n","protected":false},"author":1,"featured_media":0,"parent":0,"menu_order":23,"comment_status":"closed","ping_status":"closed","template":"","meta":{"_et_pb_use_builder":"on","_et_pb_old_content":"","_et_gb_content_width":"","footnotes":""},"class_list":["post-4584","page","type-page","status-publish","hentry"],"aioseo_notices":[],"_links":{"self":[{"href":"https:\/\/naturalwalks.com\/fr\/wp-json\/wp\/v2\/pages\/4584","targetHints":{"allow":["GET"]}}],"collection":[{"href":"https:\/\/naturalwalks.com\/fr\/wp-json\/wp\/v2\/pages"}],"about":[{"href":"https:\/\/naturalwalks.com\/fr\/wp-json\/wp\/v2\/types\/page"}],"author":[{"embeddable":true,"href":"https:\/\/naturalwalks.com\/fr\/wp-json\/wp\/v2\/users\/1"}],"replies":[{"embeddable":true,"href":"https:\/\/naturalwalks.com\/fr\/wp-json\/wp\/v2\/comments?post=4584"}],"version-history":[{"count":5,"href":"https:\/\/naturalwalks.com\/fr\/wp-json\/wp\/v2\/pages\/4584\/revisions"}],"predecessor-version":[{"id":4652,"href":"https:\/\/naturalwalks.com\/fr\/wp-json\/wp\/v2\/pages\/4584\/revisions\/4652"}],"wp:attachment":[{"href":"https:\/\/naturalwalks.com\/fr\/wp-json\/wp\/v2\/media?parent=4584"}],"curies":[{"name":"wp","href":"https:\/\/api.w.org\/{rel}","templated":true}]}}