{"id":4587,"date":"2023-01-14T20:26:53","date_gmt":"2023-01-14T19:26:53","guid":{"rendered":"https:\/\/naturalwalks.com\/avertissement-legal\/"},"modified":"2023-06-22T12:24:50","modified_gmt":"2023-06-22T11:24:50","slug":"avertissement-legal","status":"publish","type":"page","link":"https:\/\/naturalwalks.com\/fr\/avertissement-legal\/","title":{"rendered":"Avertissement l\u00e9gal"},"content":{"rendered":"<p>[et_pb_section fb_built=\u00a0\u00bb1&Prime; _builder_version=\u00a0\u00bb4.18.0&Prime; _module_preset=\u00a0\u00bbdefault\u00a0\u00bb background_color=\u00a0\u00bb#9dbc47&Prime; use_background_color_gradient=\u00a0\u00bbon\u00a0\u00bb background_color_gradient_stops=\u00a0\u00bb#9dbc47 0%|#9bbc25 100%\u00a0\u00bb background_enable_pattern_style=\u00a0\u00bbon\u00a0\u00bb background_pattern_style=\u00a0\u00bbdiagonal-stripes\u00a0\u00bb background_pattern_size=\u00a0\u00bbcustom\u00a0\u00bb background_pattern_width=\u00a0\u00bb4503px\u00a0\u00bb background_pattern_height=\u00a0\u00bb2000px\u00a0\u00bb background_pattern_horizontal_offset=\u00a0\u00bb-8%\u00a0\u00bb custom_margin=\u00a0\u00bb||||false|false\u00a0\u00bb custom_padding=\u00a0\u00bb10px||10px||false|false\u00a0\u00bb global_colors_info=\u00a0\u00bb{}\u00a0\u00bb theme_builder_area=\u00a0\u00bbpost_content\u00a0\u00bb][et_pb_row _builder_version=\u00a0\u00bb4.18.0&Prime; _module_preset=\u00a0\u00bbdefault\u00a0\u00bb custom_margin=\u00a0\u00bb25px||25px||false|false\u00a0\u00bb custom_padding=\u00a0\u00bb0px||0px||false|false\u00a0\u00bb locked=\u00a0\u00bboff\u00a0\u00bb global_colors_info=\u00a0\u00bb{}\u00a0\u00bb theme_builder_area=\u00a0\u00bbpost_content\u00a0\u00bb][et_pb_column type=\u00a0\u00bb4_4&Prime; _builder_version=\u00a0\u00bb4.18.0&Prime; _module_preset=\u00a0\u00bbdefault\u00a0\u00bb global_colors_info=\u00a0\u00bb{}\u00a0\u00bb theme_builder_area=\u00a0\u00bbpost_content\u00a0\u00bb][et_pb_text _builder_version=\u00a0\u00bb4.18.0&Prime; _module_preset=\u00a0\u00bbdefault\u00a0\u00bb text_font=\u00a0\u00bbOpen Sans||||||||\u00a0\u00bb text_text_color=\u00a0\u00bb#FFFFFF\u00a0\u00bb text_orientation=\u00a0\u00bbcenter\u00a0\u00bb background_layout=\u00a0\u00bbdark\u00a0\u00bb custom_padding=\u00a0\u00bb|100px||100px|false|false\u00a0\u00bb custom_padding_tablet=\u00a0\u00bb|0px||0px|false|false\u00a0\u00bb custom_padding_phone=\u00a0\u00bb|0px||0px|false|false\u00a0\u00bb custom_padding_last_edited=\u00a0\u00bbon|phone\u00a0\u00bb hover_enabled=\u00a0\u00bb0&Prime; locked=\u00a0\u00bboff\u00a0\u00bb global_colors_info=\u00a0\u00bb{}\u00a0\u00bb theme_builder_area=\u00a0\u00bbpost_content\u00a0\u00bb sticky_enabled=\u00a0\u00bb0&Prime;]<\/p>\n<h3>Avertissement l\u00e9gal<\/h3>\n<p>[\/et_pb_text][\/et_pb_column][\/et_pb_row][\/et_pb_section][et_pb_section fb_built=\u00a0\u00bb1&Prime; _builder_version=\u00a0\u00bb4.18.0&Prime; _module_preset=\u00a0\u00bbdefault\u00a0\u00bb global_colors_info=\u00a0\u00bb{}\u00a0\u00bb theme_builder_area=\u00a0\u00bbpost_content\u00a0\u00bb][et_pb_row _builder_version=\u00a0\u00bb4.18.0&Prime; _module_preset=\u00a0\u00bbdefault\u00a0\u00bb global_colors_info=\u00a0\u00bb{}\u00a0\u00bb theme_builder_area=\u00a0\u00bbpost_content\u00a0\u00bb][et_pb_column type=\u00a0\u00bb4_4&Prime; _builder_version=\u00a0\u00bb4.18.0&Prime; _module_preset=\u00a0\u00bbdefault\u00a0\u00bb global_colors_info=\u00a0\u00bb{}\u00a0\u00bb theme_builder_area=\u00a0\u00bbpost_content\u00a0\u00bb][et_pb_text _builder_version=\u00a0\u00bb4.18.0&Prime; _module_preset=\u00a0\u00bbdefault\u00a0\u00bb text_text_color=\u00a0\u00bb#242424&Prime; hover_enabled=\u00a0\u00bb0&Prime; global_colors_info=\u00a0\u00bb{}\u00a0\u00bb theme_builder_area=\u00a0\u00bbpost_content\u00a0\u00bb sticky_enabled=\u00a0\u00bb0&Prime;]<\/p>\n<p style=\"text-align: justify;\"><strong><span>Avertissement l\u00e9gal<\/span><\/strong><\/p>\n<p style=\"text-align: justify;\"><span>Afin de se conformer \u00e0 l&rsquo;article 10 de la loi 34\/2002 sur les services de la soci\u00e9t\u00e9 de l&rsquo;information et du commerce \u00e9lectronique, nous informons l&rsquo;utilisateur de nos donn\u00e9es :<\/span><\/p>\n<p style=\"text-align: justify;\"><span>Raison sociale : Evarist March Sarlat<\/span><\/p>\n<p style=\"text-align: justify;\"><span>Nom commercial : Naturalwalks<\/span><\/p>\n<p style=\"text-align: justify;\"><span>CIF: 77606280 W<\/span><\/p>\n<p style=\"text-align: justify;\"><span>Domicile : Barcelone, Espagne<\/span><\/p>\n<p style=\"text-align: justify;\"><span>e-mail: evarist@naturalwalks.com<\/span><\/p>\n<p style=\"text-align: justify;\"><strong><span>Objet<\/span><\/strong><\/p>\n<p style=\"text-align: justify;\"><span>Naturalwalks, responsable du site Web, met ce document \u00e0 la disposition des utilisateurs avec lesquels il vise \u00e0 se conformer aux obligations pr\u00e9vues par la loi 34\/2002, Services de la soci\u00e9t\u00e9 de l&rsquo;information et du commerce \u00e9lectronique (LSSI-CE), ainsi qu&rsquo;\u00e0 informer tous les utilisateurs du site Web quant aux conditions d&rsquo;utilisation du site Web.<\/span><\/p>\n<p style=\"text-align: justify;\"><span>Toute personne qui acc\u00e8de \u00e0 ce site Web assume le r\u00f4le d&rsquo;utilisateur, s&rsquo;engageant \u00e0 observer et \u00e0 respecter strictement les dispositions \u00e9nonc\u00e9es ici, ainsi que toute autre disposition l\u00e9gale applicable.<\/span><\/p>\n<p style=\"text-align: justify;\"><span>Naturalwalks se r\u00e9serve le droit de modifier tout type d&rsquo;informations pouvant appara\u00eetre sur le site, sans obligation d&rsquo;informer les utilisateurs de ces obligations, la publication sur le site Naturalwalks \u00e9tant consid\u00e9r\u00e9e comme suffisante.<\/span><\/p>\n<p style=\"text-align: justify;\"><strong><span>Responsabilit\u00e9<\/span><\/strong><\/p>\n<p style=\"text-align: justify;\"><span>Naturalwalks est exon\u00e9r\u00e9 de tout type de responsabilit\u00e9 d\u00e9coulant des informations publi\u00e9es sur votre site Web, tant que ces informations ont \u00e9t\u00e9 manipul\u00e9es ou saisies par un tiers ext\u00e9rieur \u00e0 celui-ci.<\/span><\/p>\n<p style=\"text-align: justify;\"><span>Le site Web Naturalwalks peut utiliser des cookies (petits fichiers d&rsquo;informations que le serveur envoie \u00e0 l&rsquo;ordinateur de ceux qui acc\u00e8dent \u00e0 la page) pour ex\u00e9cuter certaines fonctions consid\u00e9r\u00e9es comme essentielles au bon fonctionnement et \u00e0 l&rsquo;affichage du site. Les cookies utilis\u00e9s sur le site sont, en tout \u00e9tat de cause, de nature temporaire dans le seul but de rendre plus efficace leur transmission ult\u00e9rieure et disparaissent \u00e0 la fin de la session de l&rsquo;utilisateur. En aucun cas les cookies ne seront utilis\u00e9s pour collecter des informations personnelles. Ajoutez ici un lien vers votre politique en mati\u00e8re de cookies.<\/span><\/p>\n<p style=\"text-align: justify;\"><span>Depuis le site Web du client, il est possible d&rsquo;\u00eatre redirig\u00e9 vers le contenu de sites Web tiers. \u00c9tant donn\u00e9 que Naturalwalks ne peut pas toujours contr\u00f4ler le contenu introduit par des tiers sur ses sites Web, il n&rsquo;assume aucune responsabilit\u00e9 concernant ce contenu. Dans tous les cas, Naturalwalks d\u00e9clare qu&rsquo;il proc\u00e9dera au retrait imm\u00e9diat de tout contenu qui pourrait contrevenir \u00e0 la l\u00e9gislation nationale ou internationale, \u00e0 la morale ou \u00e0 l&rsquo;ordre public, en proc\u00e9dant au retrait imm\u00e9diat de la redirection vers ce site, en informant les autorit\u00e9s comp\u00e9tentes du contenu en question .<\/span><\/p>\n<p style=\"text-align: justify;\"><span>Naturalwalks n&rsquo;est pas responsable des informations et du contenu stock\u00e9s, y compris, mais sans s&rsquo;y limiter, dans les forums, les chats, les g\u00e9n\u00e9rateurs de blogs, les commentaires, les r\u00e9seaux sociaux ou tout autre moyen permettant \u00e0 des tiers de publier du contenu de mani\u00e8re ind\u00e9pendante sur le site Web de Naturalwalks. Toutefois et conform\u00e9ment aux dispositions de l&rsquo;art. 11 et 16 de la LSSI-CE, Naturalwalks est mis \u00e0 la disposition de tous les utilisateurs, autorit\u00e9s et forces de s\u00e9curit\u00e9, et collabore activement \u00e0 la suppression ou, le cas \u00e9ch\u00e9ant, au blocage de tous les contenus susceptibles d&rsquo;affecter ou de contrevenir \u00e0 la l\u00e9gislation nationale ou internationale, aux droits des tiers ou aux bonnes m\u0153urs et \u00e0 l&rsquo;ordre public. Si l&rsquo;utilisateur consid\u00e8re qu&rsquo;il existe un contenu sur le site Web qui pourrait faire l&rsquo;objet de cette classification, veuillez en informer imm\u00e9diatement l&rsquo;administrateur du site Web.<\/span><\/p>\n<p style=\"text-align: justify;\"><span>Ce site Web a \u00e9t\u00e9 r\u00e9vis\u00e9 et test\u00e9 pour fonctionner correctement. En principe, un fonctionnement correct peut \u00eatre garanti 365 jours par an, 24 heures sur 24. Cependant, Naturalwalks n&rsquo;exclut pas la possibilit\u00e9 que certaines erreurs de programmation se produisent ou qu&rsquo;elles deviennent des causes de force majeure, de catastrophes naturelles, de gr\u00e8ves ou de circonstances similaires rendant impossible l&rsquo;acc\u00e8s \u00e0 la page Web.<\/span><\/p>\n<p style=\"text-align: justify;\"><strong><span>Propri\u00e9t\u00e9 Intellectuelle et Industrielle<\/span><\/strong><\/p>\n<p style=\"text-align: justify;\"><span>Le site Web, y compris, mais sans s&rsquo;y limiter, sa programmation, son \u00e9dition, sa compilation et les autres \u00e9l\u00e9ments n\u00e9cessaires \u00e0 son fonctionnement, les dessins, logos, textes et\/ou graphiques sont la propri\u00e9t\u00e9 de Naturalwalks ou, le cas \u00e9ch\u00e9ant, disposent d&rsquo;une licence ou d&rsquo;une autorisation expresse par part des auteurs. Tous les contenus du site Web sont d\u00fbment prot\u00e9g\u00e9s par les r\u00e9glementations en mati\u00e8re de propri\u00e9t\u00e9 intellectuelle et industrielle, ainsi qu&rsquo;enregistr\u00e9s dans les registres publics correspondants.<\/span><\/p>\n<p style=\"text-align: justify;\"><span>Quelle que soit la finalit\u00e9 \u00e0 laquelle ils sont destin\u00e9s, la reproduction totale ou partielle, l&rsquo;utilisation, l&rsquo;exploitation, la diffusion et la commercialisation n\u00e9cessitent en tout \u00e9tat de cause une autorisation \u00e9crite pr\u00e9alable de Naturalwalks. Toute utilisation non pr\u00e9alablement autoris\u00e9e par Naturalwalks sera consid\u00e9r\u00e9e comme une violation grave des droits de propri\u00e9t\u00e9 intellectuelle ou industrielle de l&rsquo;auteur.<\/span><\/p>\n<p style=\"text-align: justify;\"><span>Les dessins, logos, textes et\/ou graphiques qui n&rsquo;appartiennent pas au fournisseur et qui peuvent appara\u00eetre sur le site appartiennent \u00e0 leurs propri\u00e9taires respectifs, \u00e9tant eux-m\u00eames responsables de toute controverse \u00e9ventuelle pouvant survenir \u00e0 leur sujet. En tout \u00e9tat de cause, Naturalwalks dispose d&rsquo;une autorisation expresse et pr\u00e9alable de leur part.<\/span><\/p>\n<p style=\"text-align: justify;\"><span>Naturalwalks N&rsquo;AUTORISE PAS EXPRESS\u00c9MENT que des tiers puissent rediriger directement vers le contenu sp\u00e9cifique du site Web, devant en aucun cas rediriger vers le site Web principal de Naturalwalks.<\/span><\/p>\n<p style=\"text-align: justify;\"><span>Naturalwalks reconna\u00eet en faveur de ses propri\u00e9taires les droits de propri\u00e9t\u00e9 industrielle et intellectuelle correspondants, leur simple mention ou apparition sur le site n&rsquo;impliquant pas l&rsquo;existence d&rsquo;un droit ou d&rsquo;une responsabilit\u00e9 de Naturalwalks \u00e0 leur \u00e9gard, ainsi que le soutien, le parrainage ou la recommandation par ceux-ci<\/span><\/p>\n<p style=\"text-align: justify;\"><span>Pour faire tout type d&rsquo;observation concernant d&rsquo;\u00e9ventuelles violations des droits de propri\u00e9t\u00e9 intellectuelle ou industrielle, ainsi que de tout contenu du site Web, vous pouvez le faire via l&rsquo;e-mail indiqu\u00e9 dans les donn\u00e9es d&rsquo;identification au d\u00e9but de ce document.<\/span><\/p>\n<p style=\"text-align: justify;\"><strong><span>V\u00e9racit\u00e9 des informations<\/span><\/strong><\/p>\n<p style=\"text-align: justify;\"><span>Toutes les informations fournies par l&rsquo;utilisateur doivent \u00eatre v\u00e9ridiques. A cet effet, l&rsquo;utilisateur garantit l&rsquo;authenticit\u00e9 des donn\u00e9es communiqu\u00e9es par le biais des formulaires de souscription aux services. Il appartiendra \u00e0 l&rsquo;Utilisateur de tenir \u00e0 jour en permanence toutes les informations fournies \u00e0 la Soci\u00e9t\u00e9 afin qu&rsquo;elles r\u00e9pondent, \u00e0 tout moment, \u00e0 sa situation r\u00e9elle. Dans tous les cas, l&rsquo;Utilisateur sera seul responsable des d\u00e9clarations fausses ou inexactes faites et des dommages caus\u00e9s par le pr\u00eateur ou des tiers.<\/span><\/p>\n<p style=\"text-align: justify;\"><strong><span>Mineurs<\/span><\/strong><\/p>\n<p style=\"text-align: justify;\"><span>Pour utiliser les services, les mineurs doivent toujours obtenir le consentement pr\u00e9alable de leurs parents, tuteurs ou repr\u00e9sentants l\u00e9gaux, qui sont responsables en dernier ressort de tous les actes accomplis par les mineurs dont ils ont la garde. La responsabilit\u00e9 de d\u00e9terminer les contenus sp\u00e9cifiques auxquels les mineurs acc\u00e8dent correspond \u00e0 ceux-ci, c&rsquo;est pourquoi s&rsquo;ils acc\u00e8dent \u00e0 des contenus inappropri\u00e9s sur Internet, des m\u00e9canismes doivent \u00eatre mis en place sur leurs ordinateurs, notamment des programmes informatiques, des filtres et des blocages, qui permettent de limiter les contenus disponibles et, bien qu&rsquo;ils ne soient pas infaillibles, ils sont particuli\u00e8rement utiles pour contr\u00f4ler et restreindre les contenus auxquels les mineurs peuvent acc\u00e9der.<\/span><\/p>\n<p style=\"text-align: justify;\"><strong><span>Obligation d&rsquo;utiliser correctement le site Web<\/span><\/strong><\/p>\n<p style=\"text-align: justify;\"><span>L&rsquo;Utilisateur s&rsquo;engage \u00e0 utiliser le Site conform\u00e9ment \u00e0 la Loi et aux pr\u00e9sentes Mentions L\u00e9gales, ainsi qu&rsquo;\u00e0 la morale et aux bonnes m\u0153urs. \u00c0 cette fin, l&rsquo;Utilisateur s&rsquo;interdit d&rsquo;utiliser la page \u00e0 des fins illicites ou interdites, pr\u00e9judiciables aux droits et int\u00e9r\u00eats de tiers, ou qui, de quelque mani\u00e8re que ce soit, pourraient endommager, rendre inutilisable, surcharger, d\u00e9t\u00e9riorer ou emp\u00eacher l&rsquo;utilisation normale du mat\u00e9riel informatique. ou des documents, fichiers et toutes sortes de contenus stock\u00e9s sur tout \u00e9quipement informatique Naturalwalks.<\/span><\/p>\n<p style=\"text-align: justify;\"><span>En particulier, et \u00e0 titre indicatif mais non exhaustif, l&rsquo;Utilisateur s&rsquo;engage \u00e0 ne pas transmettre, diffuser ou mettre \u00e0 la disposition de tiers des informations, donn\u00e9es, contenus, messages, graphiques, dessins, fichiers son ou image, photographies, enregistrements, logiciels et, en g\u00e9n\u00e9ral, tout type de mat\u00e9riel qui :<\/span><\/p>\n<p style=\"text-align: justify;\"><span>(a) est contraire, m\u00e9prise ou attente aux droits fondamentaux et aux libert\u00e9s publiques reconnus constitutionnellement, dans les trait\u00e9s internationaux et autres r\u00e8gles en vigueur ;<\/span><\/p>\n<p style=\"text-align: justify;\"><span>(b) incite, incite ou favorise des actes criminels, d\u00e9nigrants, diffamatoires, violents ou, en g\u00e9n\u00e9ral, contraires \u00e0 la loi, aux bonnes m\u0153urs et \u00e0 l&rsquo;ordre public ;<\/span><\/p>\n<p style=\"text-align: justify;\"><span>(c) induit, incite ou promeut des actions, attitudes ou pens\u00e9es discriminatoires sur la base du sexe, de la race, de la religion, des croyances, de l&rsquo;\u00e2ge ou de la condition ;<\/span><\/p>\n<p style=\"text-align: justify;\"><span>(d) est contraire au droit \u00e0 l&rsquo;honneur, \u00e0 l&rsquo;intimit\u00e9 personnelle ou familiale ou \u00e0 l&rsquo;image des personnes ;<\/span><\/p>\n<p style=\"text-align: justify;\"><span>(e) nuire de quelque mani\u00e8re que ce soit \u00e0 la cr\u00e9dibilit\u00e9 de Naturalwalks ou de tiers ; je<\/span><\/p>\n<p style=\"text-align: justify;\"><span>(f) constitue une publicit\u00e9 ill\u00e9gale, trompeuse ou d\u00e9loyale.<\/span><\/p>\n<p style=\"text-align: justify;\"><span>Droit applicable et juridiction<\/span><\/p>\n<p style=\"text-align: justify;\"><span>Pour la r\u00e9solution de toutes les controverses ou probl\u00e8mes li\u00e9s \u00e0 ce site Web ou aux activit\u00e9s qui s&rsquo;y d\u00e9roulent, la l\u00e9gislation espagnole sera applicable, \u00e0 laquelle les parties se soumettent express\u00e9ment, \u00e9tant comp\u00e9tente pour la r\u00e9solution de tous les conflits d\u00e9coulant de ou li\u00e9s \u00e0 son utilisation devant les tribunaux. et tribunaux.<\/span><\/p>\n<p>[\/et_pb_text][\/et_pb_column][\/et_pb_row][\/et_pb_section]<\/p>\n","protected":false},"excerpt":{"rendered":"<p>Avertissement l\u00e9galAvertissement l\u00e9gal Afin de se conformer \u00e0 l&rsquo;article 10 de la loi 34\/2002 sur les services de la soci\u00e9t\u00e9 de l&rsquo;information et du commerce \u00e9lectronique, nous informons l&rsquo;utilisateur de nos donn\u00e9es : Raison sociale : Evarist March Sarlat Nom commercial : Naturalwalks CIF: 77606280 W Domicile : Barcelone, Espagne e-mail: evarist@naturalwalks.com Objet Naturalwalks, responsable [&hellip;]<\/p>\n","protected":false},"author":1,"featured_media":0,"parent":0,"menu_order":24,"comment_status":"closed","ping_status":"closed","template":"","meta":{"_et_pb_use_builder":"on","_et_pb_old_content":"","_et_gb_content_width":"","footnotes":""},"class_list":["post-4587","page","type-page","status-publish","hentry"],"aioseo_notices":[],"_links":{"self":[{"href":"https:\/\/naturalwalks.com\/fr\/wp-json\/wp\/v2\/pages\/4587","targetHints":{"allow":["GET"]}}],"collection":[{"href":"https:\/\/naturalwalks.com\/fr\/wp-json\/wp\/v2\/pages"}],"about":[{"href":"https:\/\/naturalwalks.com\/fr\/wp-json\/wp\/v2\/types\/page"}],"author":[{"embeddable":true,"href":"https:\/\/naturalwalks.com\/fr\/wp-json\/wp\/v2\/users\/1"}],"replies":[{"embeddable":true,"href":"https:\/\/naturalwalks.com\/fr\/wp-json\/wp\/v2\/comments?post=4587"}],"version-history":[{"count":2,"href":"https:\/\/naturalwalks.com\/fr\/wp-json\/wp\/v2\/pages\/4587\/revisions"}],"predecessor-version":[{"id":4589,"href":"https:\/\/naturalwalks.com\/fr\/wp-json\/wp\/v2\/pages\/4587\/revisions\/4589"}],"wp:attachment":[{"href":"https:\/\/naturalwalks.com\/fr\/wp-json\/wp\/v2\/media?parent=4587"}],"curies":[{"name":"wp","href":"https:\/\/api.w.org\/{rel}","templated":true}]}}